{"id":1315288,"date":"2026-04-09T03:32:42","date_gmt":"2026-04-09T02:32:42","guid":{"rendered":"https:\/\/hoogeveenplants.nl\/p\/hydrangea-anomala-petiolaris-upclimbers-our-choice\/"},"modified":"2026-04-09T03:48:17","modified_gmt":"2026-04-09T02:48:17","slug":"hydrangea-anomala-petiolaris-upclimbers-our-choice","status":"publish","type":"product","link":"https:\/\/hoogeveenplants.nl\/de\/p\/hydrangea-anomala-petiolaris-upclimbers-our-choice\/","title":{"rendered":"Hydrangea anomala &#8218;Petiolaris&#8216; &#8211; Upclimbers Our Choice"},"content":{"rendered":"<p>Hydrangea petiolaris&#8216; ist eine Kletterhortensie, die im Juni mit Dolden bl\u00fcht, die aus einem Kern fruchtbarer gr\u00fcner Bl\u00fcten bestehen, die von wei\u00dfen Bl\u00fcten umgeben sind, die Insekten anziehen. Die Kletterhortensie geh\u00f6rt zur Gruppe der selbsthaftenden Kletterpflanzen. Das hei\u00dft, sie klettert mit ihren Haftwurzeln, die sie an den Zweigen bildet, an einer Mauer oder einem Zaun entlang, genau wie die Hedera und Campsis. Es ist wichtig, dass Sie dieser Kletterpflanze am Anfang auf die Spr\u00fcnge helfen. Wenn er den Weg nach oben gefunden hat, erledigt er den Rest von selbst. Die Kletterhortensie ist in Bezug auf den Standort nicht sehr kritisch. Sie eignet sich daher auch f\u00fcr schattige Pl\u00e4tze im Garten, wo die meisten Pflanzen nicht gut wachsen und bl\u00fchen. Es ist wichtig, dass der Boden nicht zu fest und schwer ist. Es w\u00e4chst sowohl vertikal als auch horizontal und kann so in die gew\u00fcnschte Form und Richtung gelenkt werden. Kletterhortensien vertragen einen R\u00fcckschnitt, der am besten nach der Bl\u00fcte oder im Winter vorgenommen wird. Lange Triebe k\u00f6nnen leicht gek\u00fcrzt werden. Schneiden Sie den Zweig kurz vor einer Knospe ab, sonst haben Sie viele tote Stellen. Achten Sie darauf, dass eine junge Pflanze fest an der Wand oder am Zaun befestigt wird, bis sie mit ihren Haftwurzeln gen\u00fcgend Halt hat.<\/p>\n","protected":false},"excerpt":{"rendered":"<p>Hydrangea petiolaris&#8216; ist eine Kletterhortensie, die im Juni mit Dolden bl\u00fcht, die aus einem Kern fruchtbarer gr\u00fcner Bl\u00fcten bestehen, die von wei\u00dfen Bl\u00fcten umgeben sind, die Insekten anziehen. Die Kletterhortensie geh\u00f6rt zur Gruppe der selbsthaftenden Kletterpflanzen. Das hei\u00dft, sie klettert mit ihren Haftwurzeln, die sie an den Zweigen bildet, an einer Mauer oder einem Zaun [&hellip;]<\/p>\n","protected":false},"featured_media":0,"template":"","meta":{"_acf_changed":false},"product_brand":[],"product_cat":[252,71],"product_tag":[],"class_list":{"0":"post-1315288","1":"product","2":"type-product","3":"status-publish","5":"product_cat-our-choice-upclimbers","6":"product_cat-upclimbers","7":"pa_bloemvruchtkleur-weiss","8":"pa_location-halbschattig","9":"pa_location-sonnig","10":"pa_max-height-77","12":"first","13":"instock","14":"product-type-simple"},"acf":[],"_links":{"self":[{"href":"https:\/\/hoogeveenplants.nl\/de\/wp-json\/wp\/v2\/product\/1315288","targetHints":{"allow":["GET"]}}],"collection":[{"href":"https:\/\/hoogeveenplants.nl\/de\/wp-json\/wp\/v2\/product"}],"about":[{"href":"https:\/\/hoogeveenplants.nl\/de\/wp-json\/wp\/v2\/types\/product"}],"wp:attachment":[{"href":"https:\/\/hoogeveenplants.nl\/de\/wp-json\/wp\/v2\/media?parent=1315288"}],"wp:term":[{"taxonomy":"product_brand","embeddable":true,"href":"https:\/\/hoogeveenplants.nl\/de\/wp-json\/wp\/v2\/product_brand?post=1315288"},{"taxonomy":"product_cat","embeddable":true,"href":"https:\/\/hoogeveenplants.nl\/de\/wp-json\/wp\/v2\/product_cat?post=1315288"},{"taxonomy":"product_tag","embeddable":true,"href":"https:\/\/hoogeveenplants.nl\/de\/wp-json\/wp\/v2\/product_tag?post=1315288"}],"curies":[{"name":"wp","href":"https:\/\/api.w.org\/{rel}","templated":true}]}}