{"id":1315287,"date":"2026-04-09T03:32:42","date_gmt":"2026-04-09T02:32:42","guid":{"rendered":"https:\/\/hoogeveenplants.nl\/p\/lonicera-henryi-copper-beauty\/"},"modified":"2026-04-09T03:48:17","modified_gmt":"2026-04-09T02:48:17","slug":"lonicera-henryi-copper-beauty","status":"publish","type":"product","link":"https:\/\/hoogeveenplants.nl\/de\/p\/lonicera-henryi-copper-beauty\/","title":{"rendered":"Lonicera henryi &#8218;Copper Beauty&#8216;"},"content":{"rendered":"<p>Lonicera henryi Copper Beauty&#8216; ist ein wintergr\u00fcnes Gei\u00dfblatt. Im Gegensatz zu den meisten anderen Gei\u00dfbl\u00e4ttern bleibt &#8218;Lonicera henryi Copper Beauty&#8216; in milden Wintern gr\u00fcn. Sie ist eine Kletterpflanze mit f\u00fcnfbl\u00e4ttrigen, auffallend gelben und wei\u00dfen Bl\u00fcten und gro\u00dfen gr\u00fcnen Bl\u00e4ttern. Sie ist auch f\u00fcr ihren s\u00fc\u00dfen Duft bekannt, den sie vor allem am Abend verstr\u00f6mt. Damit die Pflanze besser klettern kann, ist es am besten, ihr ein wenig zu helfen und sie an einem Gestell hochklettern zu lassen. Honeysuckle ist pflegeleicht und kann \u00fcberall platziert werden. Sie w\u00e4chst auch gut im Schatten oder Halbschatten, bl\u00fcht aber nicht so \u00fcppig. Achten Sie darauf, Ihre Lonicera regelm\u00e4\u00dfig zu beschneiden, damit sie frisch und kompakt bleibt. Wenn Sie dies nicht tun, wird die Pflanze etwa 4 Meter hoch. Schneiden Sie die Pflanze Mitte M\u00e4rz zur\u00fcck, indem Sie zu lange und alte Zweige abschneiden. Sie werden mit vielen jungen Zweigen und einer F\u00fclle von Bl\u00fcten belohnt. Nach der Bl\u00fcte k\u00f6nnen auch sehr lange Zweige zur\u00fcckgeschnitten werden, um der Pflanze ein ordentlicheres Aussehen zu verleihen. Loniceras sind bei Nachtfaltern und dem Schmetterlingen sehr beliebt, aber auch Bienen wissen, wie sie diese herrlich duftende Kletterpflanze finden k\u00f6nnen. Eine echte Bereicherung f\u00fcr die Natur in Ihrem Garten!<\/p>\n","protected":false},"excerpt":{"rendered":"<p>Lonicera henryi Copper Beauty&#8216; ist ein wintergr\u00fcnes Gei\u00dfblatt. Im Gegensatz zu den meisten anderen Gei\u00dfbl\u00e4ttern bleibt &#8218;Lonicera henryi Copper Beauty&#8216; in milden Wintern gr\u00fcn. Sie ist eine Kletterpflanze mit f\u00fcnfbl\u00e4ttrigen, auffallend gelben und wei\u00dfen Bl\u00fcten und gro\u00dfen gr\u00fcnen Bl\u00e4ttern. Sie ist auch f\u00fcr ihren s\u00fc\u00dfen Duft bekannt, den sie vor allem am Abend verstr\u00f6mt. Damit [&hellip;]<\/p>\n","protected":false},"featured_media":0,"template":"","meta":{"_acf_changed":false},"product_brand":[],"product_cat":[252,71],"product_tag":[],"class_list":{"0":"post-1315287","1":"product","2":"type-product","3":"status-publish","5":"product_cat-our-choice-upclimbers","6":"product_cat-upclimbers","7":"pa_bloemvruchtkleur-orange","8":"pa_location-halbschattig","9":"pa_location-sonnig","10":"pa_max-height-56","12":"first","13":"instock","14":"product-type-simple"},"acf":[],"_links":{"self":[{"href":"https:\/\/hoogeveenplants.nl\/de\/wp-json\/wp\/v2\/product\/1315287","targetHints":{"allow":["GET"]}}],"collection":[{"href":"https:\/\/hoogeveenplants.nl\/de\/wp-json\/wp\/v2\/product"}],"about":[{"href":"https:\/\/hoogeveenplants.nl\/de\/wp-json\/wp\/v2\/types\/product"}],"wp:attachment":[{"href":"https:\/\/hoogeveenplants.nl\/de\/wp-json\/wp\/v2\/media?parent=1315287"}],"wp:term":[{"taxonomy":"product_brand","embeddable":true,"href":"https:\/\/hoogeveenplants.nl\/de\/wp-json\/wp\/v2\/product_brand?post=1315287"},{"taxonomy":"product_cat","embeddable":true,"href":"https:\/\/hoogeveenplants.nl\/de\/wp-json\/wp\/v2\/product_cat?post=1315287"},{"taxonomy":"product_tag","embeddable":true,"href":"https:\/\/hoogeveenplants.nl\/de\/wp-json\/wp\/v2\/product_tag?post=1315287"}],"curies":[{"name":"wp","href":"https:\/\/api.w.org\/{rel}","templated":true}]}}