{"id":1315283,"date":"2026-04-09T03:32:39","date_gmt":"2026-04-09T02:32:39","guid":{"rendered":"https:\/\/hoogeveenplants.nl\/p\/clematis-boulevard-sarah-elizabeth-evipo098\/"},"modified":"2026-04-09T03:48:16","modified_gmt":"2026-04-09T02:48:16","slug":"clematis-boulevard-sarah-elizabeth-evipo098","status":"publish","type":"product","link":"https:\/\/hoogeveenplants.nl\/de\/p\/clematis-boulevard-sarah-elizabeth-evipo098\/","title":{"rendered":"Clematis Boulevard\u00ae Sarah Elizabeth\u2122 Evipo098"},"content":{"rendered":"<p>Clematis &#8218;Sarah Elizabeth&#8216; ist eine lang bl\u00fchende Waldrebe. Die rosa Bl\u00fcten bestehen aus sechs bis sieben spitzen Kelchbl\u00e4ttern mit sch\u00f6n kontrastierenden roten Staubbeuteln. Die Bl\u00fcten erscheinen in gro\u00dfer Zahl vom sp\u00e4ten Fr\u00fchjahr bis zum Sp\u00e4therbst. Die Pflanze wird etwa 120 cm hoch und kann nach der Bl\u00fcte kr\u00e4ftig zur\u00fcckgeschnitten werden.<\/p>\n","protected":false},"excerpt":{"rendered":"<p>Clematis &#8218;Sarah Elizabeth&#8216; ist eine lang bl\u00fchende Waldrebe. Die rosa Bl\u00fcten bestehen aus sechs bis sieben spitzen Kelchbl\u00e4ttern mit sch\u00f6n kontrastierenden roten Staubbeuteln. Die Bl\u00fcten erscheinen in gro\u00dfer Zahl vom sp\u00e4ten Fr\u00fchjahr bis zum Sp\u00e4therbst. Die Pflanze wird etwa 120 cm hoch und kann nach der Bl\u00fcte kr\u00e4ftig zur\u00fcckgeschnitten werden.<\/p>\n","protected":false},"featured_media":0,"template":"","meta":{"_acf_changed":false},"product_brand":[],"product_cat":[252,71],"product_tag":[],"class_list":{"0":"post-1315283","1":"product","2":"type-product","3":"status-publish","5":"product_cat-our-choice-upclimbers","6":"product_cat-upclimbers","7":"pa_bloemvruchtkleur-rosa","8":"pa_location-halbschattig","9":"pa_location-sonnig","10":"pa_max-height-517","12":"first","13":"instock","14":"product-type-simple"},"acf":[],"_links":{"self":[{"href":"https:\/\/hoogeveenplants.nl\/de\/wp-json\/wp\/v2\/product\/1315283","targetHints":{"allow":["GET"]}}],"collection":[{"href":"https:\/\/hoogeveenplants.nl\/de\/wp-json\/wp\/v2\/product"}],"about":[{"href":"https:\/\/hoogeveenplants.nl\/de\/wp-json\/wp\/v2\/types\/product"}],"wp:attachment":[{"href":"https:\/\/hoogeveenplants.nl\/de\/wp-json\/wp\/v2\/media?parent=1315283"}],"wp:term":[{"taxonomy":"product_brand","embeddable":true,"href":"https:\/\/hoogeveenplants.nl\/de\/wp-json\/wp\/v2\/product_brand?post=1315283"},{"taxonomy":"product_cat","embeddable":true,"href":"https:\/\/hoogeveenplants.nl\/de\/wp-json\/wp\/v2\/product_cat?post=1315283"},{"taxonomy":"product_tag","embeddable":true,"href":"https:\/\/hoogeveenplants.nl\/de\/wp-json\/wp\/v2\/product_tag?post=1315283"}],"curies":[{"name":"wp","href":"https:\/\/api.w.org\/{rel}","templated":true}]}}