{"id":1315274,"date":"2026-04-09T03:32:32","date_gmt":"2026-04-09T02:32:32","guid":{"rendered":"https:\/\/hoogeveenplants.nl\/p\/parthenocissus-tricuspidata-veitch-boskoop\/"},"modified":"2026-04-09T03:48:14","modified_gmt":"2026-04-09T02:48:14","slug":"parthenocissus-tricuspidata-veitch-boskoop","status":"publish","type":"product","link":"https:\/\/hoogeveenplants.nl\/de\/p\/parthenocissus-tricuspidata-veitch-boskoop\/","title":{"rendered":"Parthenocissus tricuspidata &#8218;Veitch Boskoop&#8216;"},"content":{"rendered":"<p>Parthenocissus tricuspidata Veitchii Boskoop&#8216;, auch wilder Wein genannt, ist eine schnell wachsende, selbsthaftende Kletterpflanze. Es muss nicht gefesselt werden. Die dreizackigen Bl\u00e4tter sind im Sommer gr\u00fcn und f\u00e4rben sich im Herbst leuchtend rot. Dank ihrer starken Haftwurzeln w\u00e4chst die Rebe schnell und sicher an Mauern und Z\u00e4unen, sie kann aber auch als Bodendecker verwendet werden. Im Winter verliert sie ihre Bl\u00e4tter, kann aber auch strenge Winter \u00fcberstehen. Sie ist eine einfache Pflanze, die sowohl in der Sonne als auch im Schatten gedeiht. Im Fr\u00fchjahr hat sie gr\u00fcn-gelbe Bl\u00fcten, die aber kaum auffallen. Ein R\u00fcckschnitt ist nicht erforderlich, kann aber im Laufe des Jahres erfolgen, um die Pflanze kompakt zu halten oder wenn sie droht, Glas oder Holz zu \u00fcberwuchern. Durch ihre Haftwurzeln hinterl\u00e4sst die Pflanze Spuren, und das ist nat\u00fcrlich nicht beabsichtigt. Schneiden Sie in solchen F\u00e4llen die Rebe rechtzeitig zur\u00fcck, denn die Pflanze vertr\u00e4gt das sehr gut.<\/p>\n","protected":false},"excerpt":{"rendered":"<p>Parthenocissus tricuspidata Veitchii Boskoop&#8216;, auch wilder Wein genannt, ist eine schnell wachsende, selbsthaftende Kletterpflanze. Es muss nicht gefesselt werden. Die dreizackigen Bl\u00e4tter sind im Sommer gr\u00fcn und f\u00e4rben sich im Herbst leuchtend rot. Dank ihrer starken Haftwurzeln w\u00e4chst die Rebe schnell und sicher an Mauern und Z\u00e4unen, sie kann aber auch als Bodendecker verwendet werden. [&hellip;]<\/p>\n","protected":false},"featured_media":0,"template":"","meta":{"_acf_changed":false},"product_brand":[],"product_cat":[71],"product_tag":[],"class_list":{"0":"post-1315274","1":"product","2":"type-product","3":"status-publish","5":"product_cat-upclimbers","6":"pa_bloemvruchtkleur-rot","7":"pa_location-halbschattig","8":"pa_location-sonnig","9":"pa_max-height-519","11":"first","12":"instock","13":"product-type-simple"},"acf":[],"_links":{"self":[{"href":"https:\/\/hoogeveenplants.nl\/de\/wp-json\/wp\/v2\/product\/1315274","targetHints":{"allow":["GET"]}}],"collection":[{"href":"https:\/\/hoogeveenplants.nl\/de\/wp-json\/wp\/v2\/product"}],"about":[{"href":"https:\/\/hoogeveenplants.nl\/de\/wp-json\/wp\/v2\/types\/product"}],"wp:attachment":[{"href":"https:\/\/hoogeveenplants.nl\/de\/wp-json\/wp\/v2\/media?parent=1315274"}],"wp:term":[{"taxonomy":"product_brand","embeddable":true,"href":"https:\/\/hoogeveenplants.nl\/de\/wp-json\/wp\/v2\/product_brand?post=1315274"},{"taxonomy":"product_cat","embeddable":true,"href":"https:\/\/hoogeveenplants.nl\/de\/wp-json\/wp\/v2\/product_cat?post=1315274"},{"taxonomy":"product_tag","embeddable":true,"href":"https:\/\/hoogeveenplants.nl\/de\/wp-json\/wp\/v2\/product_tag?post=1315274"}],"curies":[{"name":"wp","href":"https:\/\/api.w.org\/{rel}","templated":true}]}}