{"id":1315273,"date":"2026-04-09T03:32:32","date_gmt":"2026-04-09T02:32:32","guid":{"rendered":"https:\/\/hoogeveenplants.nl\/p\/hydrangea-anomala-petiolaris\/"},"modified":"2026-04-09T03:48:14","modified_gmt":"2026-04-09T02:48:14","slug":"hydrangea-anomala-petiolaris","status":"publish","type":"product","link":"https:\/\/hoogeveenplants.nl\/de\/p\/hydrangea-anomala-petiolaris\/","title":{"rendered":"Hydrangea anomala &#8218;Petiolaris&#8216;"},"content":{"rendered":"<p>Kletternde Hortensie: Hydrangea Petiolaris, auch Kletterhortensie genannt. Seit Jahren eine der beliebtesten Kletterpflanzen. Logisch, denn wir denken, dass sie sehr pflegeleicht ist, gut im Schatten gedeiht und eine entfernte Verwandte der normalen Hortensie ist. Das ist wahrscheinlich auch der Grund f\u00fcr die frischgr\u00fcnen Bl\u00e4tter und die sch\u00f6nen wei\u00dfen Dolden. Was die Pflege der Hortensie noch einfacher macht, ist, dass sie mit Hilfe von Haftwurzeln an den Zweigen nach oben klettert. Sie braucht daher wenig Hilfe. Sie k\u00f6nnen diese Pflanze in guter Form halten, indem Sie sie richtig beschneiden. Die Hortensie erreicht eine maximale H\u00f6he von etwa 5 Metern.<\/p>\n","protected":false},"excerpt":{"rendered":"<p>Kletternde Hortensie: Hydrangea Petiolaris, auch Kletterhortensie genannt. Seit Jahren eine der beliebtesten Kletterpflanzen. Logisch, denn wir denken, dass sie sehr pflegeleicht ist, gut im Schatten gedeiht und eine entfernte Verwandte der normalen Hortensie ist. Das ist wahrscheinlich auch der Grund f\u00fcr die frischgr\u00fcnen Bl\u00e4tter und die sch\u00f6nen wei\u00dfen Dolden. Was die Pflege der Hortensie noch [&hellip;]<\/p>\n","protected":false},"featured_media":0,"template":"","meta":{"_acf_changed":false},"product_brand":[],"product_cat":[71],"product_tag":[],"class_list":{"0":"post-1315273","1":"product","2":"type-product","3":"status-publish","5":"product_cat-upclimbers","6":"pa_bloemvruchtkleur-weiss","7":"pa_location-halbschattig","8":"pa_location-sonnig","9":"pa_max-height-77","11":"first","12":"instock","13":"product-type-simple"},"acf":[],"_links":{"self":[{"href":"https:\/\/hoogeveenplants.nl\/de\/wp-json\/wp\/v2\/product\/1315273","targetHints":{"allow":["GET"]}}],"collection":[{"href":"https:\/\/hoogeveenplants.nl\/de\/wp-json\/wp\/v2\/product"}],"about":[{"href":"https:\/\/hoogeveenplants.nl\/de\/wp-json\/wp\/v2\/types\/product"}],"wp:attachment":[{"href":"https:\/\/hoogeveenplants.nl\/de\/wp-json\/wp\/v2\/media?parent=1315273"}],"wp:term":[{"taxonomy":"product_brand","embeddable":true,"href":"https:\/\/hoogeveenplants.nl\/de\/wp-json\/wp\/v2\/product_brand?post=1315273"},{"taxonomy":"product_cat","embeddable":true,"href":"https:\/\/hoogeveenplants.nl\/de\/wp-json\/wp\/v2\/product_cat?post=1315273"},{"taxonomy":"product_tag","embeddable":true,"href":"https:\/\/hoogeveenplants.nl\/de\/wp-json\/wp\/v2\/product_tag?post=1315273"}],"curies":[{"name":"wp","href":"https:\/\/api.w.org\/{rel}","templated":true}]}}