{"id":1315267,"date":"2026-04-09T03:32:28","date_gmt":"2026-04-09T02:32:28","guid":{"rendered":"https:\/\/hoogeveenplants.nl\/p\/clematis-cartmanii-avalanche\/"},"modified":"2026-04-09T03:48:12","modified_gmt":"2026-04-09T02:48:12","slug":"clematis-cartmanii-avalanche","status":"publish","type":"product","link":"https:\/\/hoogeveenplants.nl\/de\/p\/clematis-cartmanii-avalanche\/","title":{"rendered":"Clematis Cartmanii &#8218;Avalanche&#8217;\u00ae"},"content":{"rendered":"<p>Clematis Avalanche&#8216; ist eine immergr\u00fcne und fr\u00fch bl\u00fchende Clematis. Das Sch\u00f6ne an dieser Clematis ist ihre \u00fcppige Bl\u00fcte mit sch\u00f6nen wei\u00dfen Bl\u00fcten. Die ersten Bl\u00fcten erscheinen Mitte M\u00e4rz, und am Ende des Monats hat sich Ihr Garten in ein wei\u00dfes Bl\u00fctenmeer verwandelt. Die &#8218;Clematis Avalanche&#8216; verdankt ihren Namen der gro\u00dfen wei\u00dfen Schneelawine, in die sich Ihr Garten zu verwandeln scheint, sobald diese Pflanze zu bl\u00fchen beginnt. Sie ist eine Kletterpflanze, die sich mit gewundenen Blattstielen festh\u00e4lt und gut an einem Zaun, einer Mauer oder einer Pergola wachsen kann, aber Kletterdraht oder ein Kletterger\u00fcst ben\u00f6tigt. Sie k\u00f6nnen ihm hin und wieder helfen, indem Sie neue Triebe ordentlich am Gestell festbinden oder sie durch den Zaun f\u00fchren. Sie bevorzugt einen gesch\u00fctzten und sonnigen Platz im Garten. Die Clematis bl\u00fcht \u00fcppiger, wenn sie mehr Sonne bekommt. Die Clematis ist bis -10 Grad winterhart. Ein R\u00fcckschnitt der Clematis ist nicht erforderlich. Nach der Bl\u00fcte kann man sie ein wenig zur\u00fcckschneiden, um die Bl\u00fcte zu f\u00f6rdern.<\/p>\n","protected":false},"excerpt":{"rendered":"<p>Clematis Avalanche&#8216; ist eine immergr\u00fcne und fr\u00fch bl\u00fchende Clematis. Das Sch\u00f6ne an dieser Clematis ist ihre \u00fcppige Bl\u00fcte mit sch\u00f6nen wei\u00dfen Bl\u00fcten. Die ersten Bl\u00fcten erscheinen Mitte M\u00e4rz, und am Ende des Monats hat sich Ihr Garten in ein wei\u00dfes Bl\u00fctenmeer verwandelt. Die &#8218;Clematis Avalanche&#8216; verdankt ihren Namen der gro\u00dfen wei\u00dfen Schneelawine, in die sich [&hellip;]<\/p>\n","protected":false},"featured_media":0,"template":"","meta":{"_acf_changed":false},"product_brand":[],"product_cat":[252,71],"product_tag":[],"class_list":{"0":"post-1315267","1":"product","2":"type-product","3":"status-publish","5":"product_cat-our-choice-upclimbers","6":"product_cat-upclimbers","7":"pa_bloemvruchtkleur-weiss","8":"pa_location-halbschattig","9":"pa_location-sonnig","10":"pa_max-height-28","12":"first","13":"instock","14":"product-type-simple"},"acf":[],"_links":{"self":[{"href":"https:\/\/hoogeveenplants.nl\/de\/wp-json\/wp\/v2\/product\/1315267","targetHints":{"allow":["GET"]}}],"collection":[{"href":"https:\/\/hoogeveenplants.nl\/de\/wp-json\/wp\/v2\/product"}],"about":[{"href":"https:\/\/hoogeveenplants.nl\/de\/wp-json\/wp\/v2\/types\/product"}],"wp:attachment":[{"href":"https:\/\/hoogeveenplants.nl\/de\/wp-json\/wp\/v2\/media?parent=1315267"}],"wp:term":[{"taxonomy":"product_brand","embeddable":true,"href":"https:\/\/hoogeveenplants.nl\/de\/wp-json\/wp\/v2\/product_brand?post=1315267"},{"taxonomy":"product_cat","embeddable":true,"href":"https:\/\/hoogeveenplants.nl\/de\/wp-json\/wp\/v2\/product_cat?post=1315267"},{"taxonomy":"product_tag","embeddable":true,"href":"https:\/\/hoogeveenplants.nl\/de\/wp-json\/wp\/v2\/product_tag?post=1315267"}],"curies":[{"name":"wp","href":"https:\/\/api.w.org\/{rel}","templated":true}]}}