{"id":1315264,"date":"2026-04-09T03:32:26","date_gmt":"2026-04-09T02:32:26","guid":{"rendered":"https:\/\/hoogeveenplants.nl\/p\/clematis-viticella-polish-spirit\/"},"modified":"2026-04-09T03:48:12","modified_gmt":"2026-04-09T02:48:12","slug":"clematis-viticella-polish-spirit","status":"publish","type":"product","link":"https:\/\/hoogeveenplants.nl\/de\/p\/clematis-viticella-polish-spirit\/","title":{"rendered":"Clematis Viticella &#8218;Polish Spirit&#8216;"},"content":{"rendered":"<p>Die Clematis Viticelle Polish Spirit ist eine kr\u00e4ftig dunkelviolette, kleinbl\u00fctige Waldrebe, die im Fr\u00fchjahr und zum zweiten Mal am Ende des Sommers reichlich bl\u00fcht. Es ist daher ratsam, die Clematis nach der ersten Bl\u00fcte zur\u00fcckzuschneiden.<\/p>\n","protected":false},"excerpt":{"rendered":"<p>Die Clematis Viticelle Polish Spirit ist eine kr\u00e4ftig dunkelviolette, kleinbl\u00fctige Waldrebe, die im Fr\u00fchjahr und zum zweiten Mal am Ende des Sommers reichlich bl\u00fcht. Es ist daher ratsam, die Clematis nach der ersten Bl\u00fcte zur\u00fcckzuschneiden.<\/p>\n","protected":false},"featured_media":0,"template":"","meta":{"_acf_changed":false},"product_brand":[],"product_cat":[71],"product_tag":[],"class_list":{"0":"post-1315264","1":"product","2":"type-product","3":"status-publish","5":"product_cat-upclimbers","6":"pa_bloemvruchtkleur-lila","7":"pa_location-halbschattig","8":"pa_location-sonnig","9":"pa_max-height-56","11":"first","12":"instock","13":"product-type-simple"},"acf":[],"_links":{"self":[{"href":"https:\/\/hoogeveenplants.nl\/de\/wp-json\/wp\/v2\/product\/1315264","targetHints":{"allow":["GET"]}}],"collection":[{"href":"https:\/\/hoogeveenplants.nl\/de\/wp-json\/wp\/v2\/product"}],"about":[{"href":"https:\/\/hoogeveenplants.nl\/de\/wp-json\/wp\/v2\/types\/product"}],"wp:attachment":[{"href":"https:\/\/hoogeveenplants.nl\/de\/wp-json\/wp\/v2\/media?parent=1315264"}],"wp:term":[{"taxonomy":"product_brand","embeddable":true,"href":"https:\/\/hoogeveenplants.nl\/de\/wp-json\/wp\/v2\/product_brand?post=1315264"},{"taxonomy":"product_cat","embeddable":true,"href":"https:\/\/hoogeveenplants.nl\/de\/wp-json\/wp\/v2\/product_cat?post=1315264"},{"taxonomy":"product_tag","embeddable":true,"href":"https:\/\/hoogeveenplants.nl\/de\/wp-json\/wp\/v2\/product_tag?post=1315264"}],"curies":[{"name":"wp","href":"https:\/\/api.w.org\/{rel}","templated":true}]}}