{"id":1315260,"date":"2026-04-09T03:32:23","date_gmt":"2026-04-09T02:32:23","guid":{"rendered":"https:\/\/hoogeveenplants.nl\/p\/clematis-montana-var-rubens-2\/"},"modified":"2026-04-09T03:48:11","modified_gmt":"2026-04-09T02:48:11","slug":"clematis-montana-var-rubens-2","status":"publish","type":"product","link":"https:\/\/hoogeveenplants.nl\/de\/p\/clematis-montana-var-rubens-2\/","title":{"rendered":"Clematis Montana &#8218;var. rubens&#8216;"},"content":{"rendered":"<p>Clematis montana var. rubens&#8216; ist eine kleinbl\u00fctige, aber auch reichlich bl\u00fchende Clematis, die im Fr\u00fchjahr eine F\u00fclle von zartrosa, duftenden Bl\u00fcten hervorbringt. Die Clematis w\u00e4chst schnell und bildet mehr und l\u00e4ngere Ranken als die meisten Clematis. Die Kletterpflanze eignet sich perfekt f\u00fcr eine Pergola, aber auch an einer Mauer, einem Zaun oder einem Regal. Beim Klettern braucht er etwas Hilfe, da er sich nicht selbst festh\u00e4lt. Sie k\u00f6nnen sie also um einen Draht oder ein Netz herumf\u00fchren. Kalte Temperaturen stellen f\u00fcr die winterharte Kletterpflanze kein Problem dar, aber sie verliert ihre Bl\u00e4tter. Stellen Sie die Clematis in die volle Sonne oder in den Halbschatten. Wenn die Clematis in der prallen Sonne steht, ist es wichtig, dass die Wurzeln nicht in der Sonne stehen. Bedecken Sie den Wurzelballen gut und pflanzen Sie ihn 10 bis 15 cm tief ein. Nach der Bl\u00fctezeit kann die Pflanze auf 50 cm zur\u00fcckgeschnitten werden. Das Beschneiden h\u00e4lt die Pflanze jung und in Form, aber es ist nicht notwendig, sie zu beschneiden.<\/p>\n","protected":false},"excerpt":{"rendered":"<p>Clematis montana var. rubens&#8216; ist eine kleinbl\u00fctige, aber auch reichlich bl\u00fchende Clematis, die im Fr\u00fchjahr eine F\u00fclle von zartrosa, duftenden Bl\u00fcten hervorbringt. Die Clematis w\u00e4chst schnell und bildet mehr und l\u00e4ngere Ranken als die meisten Clematis. Die Kletterpflanze eignet sich perfekt f\u00fcr eine Pergola, aber auch an einer Mauer, einem Zaun oder einem Regal. Beim [&hellip;]<\/p>\n","protected":false},"featured_media":0,"template":"","meta":{"_acf_changed":false},"product_brand":[],"product_cat":[252,71],"product_tag":[],"class_list":{"0":"post-1315260","1":"product","2":"type-product","3":"status-publish","5":"product_cat-our-choice-upclimbers","6":"product_cat-upclimbers","7":"pa_bloemvruchtkleur-rosa","8":"pa_location-halbschattig","9":"pa_location-sonnig","10":"pa_max-height-91","12":"first","13":"instock","14":"product-type-simple"},"acf":[],"_links":{"self":[{"href":"https:\/\/hoogeveenplants.nl\/de\/wp-json\/wp\/v2\/product\/1315260","targetHints":{"allow":["GET"]}}],"collection":[{"href":"https:\/\/hoogeveenplants.nl\/de\/wp-json\/wp\/v2\/product"}],"about":[{"href":"https:\/\/hoogeveenplants.nl\/de\/wp-json\/wp\/v2\/types\/product"}],"wp:attachment":[{"href":"https:\/\/hoogeveenplants.nl\/de\/wp-json\/wp\/v2\/media?parent=1315260"}],"wp:term":[{"taxonomy":"product_brand","embeddable":true,"href":"https:\/\/hoogeveenplants.nl\/de\/wp-json\/wp\/v2\/product_brand?post=1315260"},{"taxonomy":"product_cat","embeddable":true,"href":"https:\/\/hoogeveenplants.nl\/de\/wp-json\/wp\/v2\/product_cat?post=1315260"},{"taxonomy":"product_tag","embeddable":true,"href":"https:\/\/hoogeveenplants.nl\/de\/wp-json\/wp\/v2\/product_tag?post=1315260"}],"curies":[{"name":"wp","href":"https:\/\/api.w.org\/{rel}","templated":true}]}}