{"id":1315259,"date":"2026-04-09T03:32:23","date_gmt":"2026-04-09T02:32:23","guid":{"rendered":"https:\/\/hoogeveenplants.nl\/p\/clematis-warszawska-nike\/"},"modified":"2026-04-09T03:48:11","modified_gmt":"2026-04-09T02:48:11","slug":"clematis-warszawska-nike","status":"publish","type":"product","link":"https:\/\/hoogeveenplants.nl\/de\/p\/clematis-warszawska-nike\/","title":{"rendered":"Clematis Warszawska Nike"},"content":{"rendered":"<p>Clematis Warszawska Nike ist mit ihren gro\u00dfen dunkelroten Bl\u00fcten ein echter Blickfang in Ihrem Garten und die geh\u00f6rt zu den &#8222;K\u00f6niginnen&#8220; unter den Clematis. Diese kr\u00e4ftige Sorte bl\u00fcht zweimal im Jahr. Nachdem die Pflanze zum ersten Mal gebl\u00fcht hat, ist es am besten, sie zur\u00fcckzuschneiden, damit sie ein zweites Mal bl\u00fcht. Durch den ordentlichen und kompakten Wuchs ist diese Kletterpflanze sowohl f\u00fcr gro\u00dfe als auch f\u00fcr kleine G\u00e4rten geeignet. Sie w\u00e4chst etwa 1,5 Meter pro Jahr und kann auf Wunsch jedes Jahr bis auf eine H\u00f6he von maximal 25 cm \u00fcber dem Boden zur\u00fcckgeschnitten werden. Damit Ihre Clematis besser und sch\u00f6ner klettert, braucht sie ein wenig Hilfe. Am besten ist es, die Pflanze an einem Gestell, Draht oder Stock nach oben zu f\u00fchren.<\/p>\n","protected":false},"excerpt":{"rendered":"<p>Clematis Warszawska Nike ist mit ihren gro\u00dfen dunkelroten Bl\u00fcten ein echter Blickfang in Ihrem Garten und die geh\u00f6rt zu den &#8222;K\u00f6niginnen&#8220; unter den Clematis. Diese kr\u00e4ftige Sorte bl\u00fcht zweimal im Jahr. Nachdem die Pflanze zum ersten Mal gebl\u00fcht hat, ist es am besten, sie zur\u00fcckzuschneiden, damit sie ein zweites Mal bl\u00fcht. Durch den ordentlichen und [&hellip;]<\/p>\n","protected":false},"featured_media":0,"template":"","meta":{"_acf_changed":false},"product_brand":[],"product_cat":[71],"product_tag":[],"class_list":{"0":"post-1315259","1":"product","2":"type-product","3":"status-publish","5":"product_cat-upclimbers","6":"pa_bloemvruchtkleur-rot","7":"pa_location-halbschattig","8":"pa_location-sonnig","9":"pa_max-height-91","11":"first","12":"instock","13":"product-type-simple"},"acf":[],"_links":{"self":[{"href":"https:\/\/hoogeveenplants.nl\/de\/wp-json\/wp\/v2\/product\/1315259","targetHints":{"allow":["GET"]}}],"collection":[{"href":"https:\/\/hoogeveenplants.nl\/de\/wp-json\/wp\/v2\/product"}],"about":[{"href":"https:\/\/hoogeveenplants.nl\/de\/wp-json\/wp\/v2\/types\/product"}],"wp:attachment":[{"href":"https:\/\/hoogeveenplants.nl\/de\/wp-json\/wp\/v2\/media?parent=1315259"}],"wp:term":[{"taxonomy":"product_brand","embeddable":true,"href":"https:\/\/hoogeveenplants.nl\/de\/wp-json\/wp\/v2\/product_brand?post=1315259"},{"taxonomy":"product_cat","embeddable":true,"href":"https:\/\/hoogeveenplants.nl\/de\/wp-json\/wp\/v2\/product_cat?post=1315259"},{"taxonomy":"product_tag","embeddable":true,"href":"https:\/\/hoogeveenplants.nl\/de\/wp-json\/wp\/v2\/product_tag?post=1315259"}],"curies":[{"name":"wp","href":"https:\/\/api.w.org\/{rel}","templated":true}]}}