{"id":1315257,"date":"2026-04-09T03:32:21","date_gmt":"2026-04-09T02:32:21","guid":{"rendered":"https:\/\/hoogeveenplants.nl\/p\/campsis-summer-jazz-gold-trumpet-2\/"},"modified":"2026-04-09T03:48:10","modified_gmt":"2026-04-09T02:48:10","slug":"campsis-summer-jazz-gold-trumpet-2","status":"publish","type":"product","link":"https:\/\/hoogeveenplants.nl\/de\/p\/campsis-summer-jazz-gold-trumpet-2\/","title":{"rendered":"Campsis summer jazz &#8218;Gold Trumpet&#8216;"},"content":{"rendered":"<p>Campsis Summer Jazz Gold Trumpet&#8216; ist eine Kletterpflanze, die bei viel Sonne reichlich und lange bl\u00fcht. Die Kletterpflanze ist sehr robust, wenn sie an einem gesch\u00fctzten Ort steht. Die gelb bl\u00fchende Campsis w\u00e4chst kompakter als andere Arten der Summer Jazz-Serie und erreicht eine maximale H\u00f6he von 3 Metern. Der Sp\u00e4tsommerbl\u00fcher neigt dazu, einen Strauch zu bilden. Wenn Sie m\u00f6chten, dass Ihre Campsis klettert, ist es sinnvoll, sie zu Beginn ihres Wachstums mit einem Kletterger\u00fcst zu unterst\u00fctzen. Diese Campsis ist eine selbsthaftende Kletterpflanze, was bedeutet, dass sich an den Zweigen kleine Haftwurzeln bilden. Diese Haftwurzeln setzen sich an der Wand oder am Zaun fest. Im August und September erwarten Sie exotische Bl\u00fcten, die Ihrem Au\u00dfenbereich eine mediterrane Atmosph\u00e4re verleihen. Die Bl\u00fcten sind bei Schmetterlingen, Bienen und Insekten sehr beliebt.<\/p>\n","protected":false},"excerpt":{"rendered":"<p>Campsis Summer Jazz Gold Trumpet&#8216; ist eine Kletterpflanze, die bei viel Sonne reichlich und lange bl\u00fcht. Die Kletterpflanze ist sehr robust, wenn sie an einem gesch\u00fctzten Ort steht. Die gelb bl\u00fchende Campsis w\u00e4chst kompakter als andere Arten der Summer Jazz-Serie und erreicht eine maximale H\u00f6he von 3 Metern. Der Sp\u00e4tsommerbl\u00fcher neigt dazu, einen Strauch zu [&hellip;]<\/p>\n","protected":false},"featured_media":0,"template":"","meta":{"_acf_changed":false},"product_brand":[],"product_cat":[252,71],"product_tag":[],"class_list":{"0":"post-1315257","1":"product","2":"type-product","3":"status-publish","5":"product_cat-our-choice-upclimbers","6":"product_cat-upclimbers","7":"pa_bloemvruchtkleur-gelb","8":"pa_location-halbschattig","9":"pa_location-sonnig","10":"pa_max-height-91","12":"first","13":"instock","14":"product-type-simple"},"acf":[],"_links":{"self":[{"href":"https:\/\/hoogeveenplants.nl\/de\/wp-json\/wp\/v2\/product\/1315257","targetHints":{"allow":["GET"]}}],"collection":[{"href":"https:\/\/hoogeveenplants.nl\/de\/wp-json\/wp\/v2\/product"}],"about":[{"href":"https:\/\/hoogeveenplants.nl\/de\/wp-json\/wp\/v2\/types\/product"}],"wp:attachment":[{"href":"https:\/\/hoogeveenplants.nl\/de\/wp-json\/wp\/v2\/media?parent=1315257"}],"wp:term":[{"taxonomy":"product_brand","embeddable":true,"href":"https:\/\/hoogeveenplants.nl\/de\/wp-json\/wp\/v2\/product_brand?post=1315257"},{"taxonomy":"product_cat","embeddable":true,"href":"https:\/\/hoogeveenplants.nl\/de\/wp-json\/wp\/v2\/product_cat?post=1315257"},{"taxonomy":"product_tag","embeddable":true,"href":"https:\/\/hoogeveenplants.nl\/de\/wp-json\/wp\/v2\/product_tag?post=1315257"}],"curies":[{"name":"wp","href":"https:\/\/api.w.org\/{rel}","templated":true}]}}