{"id":1315252,"date":"2026-04-09T03:32:18","date_gmt":"2026-04-09T02:32:18","guid":{"rendered":"https:\/\/hoogeveenplants.nl\/p\/clematis-boulevard-parisienne-evipo019\/"},"modified":"2026-04-09T03:48:09","modified_gmt":"2026-04-09T02:48:09","slug":"clematis-boulevard-parisienne-evipo019-2","status":"publish","type":"product","link":"https:\/\/hoogeveenplants.nl\/de\/p\/clematis-boulevard-parisienne-evipo019-2\/","title":{"rendered":"Clematis Boulevard\u00ae Parisienne\u2122 Evipo019"},"content":{"rendered":"<p>Eine ganz besondere Clematis, die den ganzen Sommer \u00fcber von Mai bis September mit ihren gro\u00dfen violetten Dolden bl\u00fcht. Schon im ersten Jahr k\u00f6nnen Sie sich an einer Bl\u00fctenoase erfreuen. Im Gegensatz zu den meisten Clematis-Arten, die nur 1-2 Monate bl\u00fchen, kann man sich an &#8218;Parisienne Boulevard&#8216; bis zu 5 Monate lang erfreuen. Die &#8218;Parisienne&#8216; erreicht eine maximale H\u00f6he von 180 cm an einer Pergola oder einem Rankgitter. Diese kompakte Clematis bevorzugt einen Standort im Halbschatten bis zur Sonne. Die besten Ergebnisse werden erzielt, wenn die Pflanze in der Morgensonne und\/oder in der Abendsonne steht. Da die &#8218;Parisienne Boulevard&#8216; eine kompakte Art ist, kann sie auch in einem Topf auf dem Balkon oder der Terrasse oder sogar in einer Bl\u00fctenampel verwendet werden. Damit die Clematis besser klettern kann, braucht sie ein wenig Hilfe. Am besten ist es, die Pflanze an einem Gestell, Draht oder Stock hochzuf\u00fchren. Ein R\u00fcckschnitt ist nicht erforderlich. Entfernen Sie jedoch Anfang M\u00e4rz abgestorbene und besch\u00e4digte Zweige. Sie k\u00f6nnen diese Clematis im Fr\u00fchjahr bis auf maximal 20 Zentimeter \u00fcber dem Boden zur\u00fcckschneiden.<\/p>\n","protected":false},"excerpt":{"rendered":"<p>Eine ganz besondere Clematis, die den ganzen Sommer \u00fcber von Mai bis September mit ihren gro\u00dfen violetten Dolden bl\u00fcht. Schon im ersten Jahr k\u00f6nnen Sie sich an einer Bl\u00fctenoase erfreuen. Im Gegensatz zu den meisten Clematis-Arten, die nur 1-2 Monate bl\u00fchen, kann man sich an &#8218;Parisienne Boulevard&#8216; bis zu 5 Monate lang erfreuen. Die &#8218;Parisienne&#8216; [&hellip;]<\/p>\n","protected":false},"featured_media":0,"template":"","meta":{"_acf_changed":false},"product_brand":[],"product_cat":[252,71],"product_tag":[],"class_list":{"0":"post-1315252","1":"product","2":"type-product","3":"status-publish","5":"product_cat-our-choice-upclimbers","6":"product_cat-upclimbers","7":"pa_bloemvruchtkleur-blau","8":"pa_location-halbschattig","9":"pa_location-sonnig","10":"pa_max-height-517","12":"first","13":"instock","14":"product-type-simple"},"acf":[],"_links":{"self":[{"href":"https:\/\/hoogeveenplants.nl\/de\/wp-json\/wp\/v2\/product\/1315252","targetHints":{"allow":["GET"]}}],"collection":[{"href":"https:\/\/hoogeveenplants.nl\/de\/wp-json\/wp\/v2\/product"}],"about":[{"href":"https:\/\/hoogeveenplants.nl\/de\/wp-json\/wp\/v2\/types\/product"}],"wp:attachment":[{"href":"https:\/\/hoogeveenplants.nl\/de\/wp-json\/wp\/v2\/media?parent=1315252"}],"wp:term":[{"taxonomy":"product_brand","embeddable":true,"href":"https:\/\/hoogeveenplants.nl\/de\/wp-json\/wp\/v2\/product_brand?post=1315252"},{"taxonomy":"product_cat","embeddable":true,"href":"https:\/\/hoogeveenplants.nl\/de\/wp-json\/wp\/v2\/product_cat?post=1315252"},{"taxonomy":"product_tag","embeddable":true,"href":"https:\/\/hoogeveenplants.nl\/de\/wp-json\/wp\/v2\/product_tag?post=1315252"}],"curies":[{"name":"wp","href":"https:\/\/api.w.org\/{rel}","templated":true}]}}