{"id":1315251,"date":"2026-04-09T03:32:18","date_gmt":"2026-04-09T02:32:18","guid":{"rendered":"https:\/\/hoogeveenplants.nl\/p\/clematis-boulevard-olympia-evipo099\/"},"modified":"2026-04-09T03:48:09","modified_gmt":"2026-04-09T02:48:09","slug":"clematis-boulevard-olympia-evipo099","status":"publish","type":"product","link":"https:\/\/hoogeveenplants.nl\/de\/p\/clematis-boulevard-olympia-evipo099\/","title":{"rendered":"Clematis Boulevard\u00ae Olympia\u2122 Evipo099"},"content":{"rendered":"<p>Clematis Olympia&#8216; ist eine kompakt wachsende Waldrebe mit violetten Bl\u00fcten und cremewei\u00dfen Staubgef\u00e4\u00dfen in der Mitte. Die Clematis hat einen kompakten Wuchs und wird nicht h\u00f6her als 150 cm. Von Mai bis September kann man sich an den gro\u00dfen violetten Dolden erfreuen. Die Clematis bildet im ersten Jahr eine Bl\u00fctenoase. Im Gegensatz zu den meisten Clematis-Arten, die nur ein bis zwei Monate lang bl\u00fchen, kann man sich an &#8218;Olympia&#8216; f\u00fcnf Monate lang erfreuen. Die meisten Kletterpflanzen gedeihen sowohl im Halbschatten als auch in der Sonne. Dadurch eignet sich die Clematis f\u00fcr die meisten Standorte in Ihrem Garten. Sie bl\u00fcht \u00fcppiger, wenn sie mehr Sonne bekommt. Da die Clematis eine kompakte Art ist, kann sie auch in einem Topf auf dem Balkon, der Terrasse oder sogar in einer Bl\u00fctenampel gepflanzt werden. Damit die Clematis besser klettern kann, braucht sie ein wenig Hilfe. Am besten ist es, die Pflanze an einem Gestell, Draht oder Stock hochzuf\u00fchren. Ein R\u00fcckschnitt ist nicht erforderlich. Entfernen Sie jedoch tote und besch\u00e4digte Zweige.<\/p>\n","protected":false},"excerpt":{"rendered":"<p>Clematis Olympia&#8216; ist eine kompakt wachsende Waldrebe mit violetten Bl\u00fcten und cremewei\u00dfen Staubgef\u00e4\u00dfen in der Mitte. Die Clematis hat einen kompakten Wuchs und wird nicht h\u00f6her als 150 cm. Von Mai bis September kann man sich an den gro\u00dfen violetten Dolden erfreuen. Die Clematis bildet im ersten Jahr eine Bl\u00fctenoase. Im Gegensatz zu den meisten [&hellip;]<\/p>\n","protected":false},"featured_media":0,"template":"","meta":{"_acf_changed":false},"product_brand":[],"product_cat":[252,71],"product_tag":[],"class_list":{"0":"post-1315251","1":"product","2":"type-product","3":"status-publish","5":"product_cat-our-choice-upclimbers","6":"product_cat-upclimbers","7":"pa_bloemvruchtkleur-lila","8":"pa_location-halbschattig","9":"pa_location-sonnig","10":"pa_max-height-517","12":"first","13":"instock","14":"product-type-simple"},"acf":[],"_links":{"self":[{"href":"https:\/\/hoogeveenplants.nl\/de\/wp-json\/wp\/v2\/product\/1315251","targetHints":{"allow":["GET"]}}],"collection":[{"href":"https:\/\/hoogeveenplants.nl\/de\/wp-json\/wp\/v2\/product"}],"about":[{"href":"https:\/\/hoogeveenplants.nl\/de\/wp-json\/wp\/v2\/types\/product"}],"wp:attachment":[{"href":"https:\/\/hoogeveenplants.nl\/de\/wp-json\/wp\/v2\/media?parent=1315251"}],"wp:term":[{"taxonomy":"product_brand","embeddable":true,"href":"https:\/\/hoogeveenplants.nl\/de\/wp-json\/wp\/v2\/product_brand?post=1315251"},{"taxonomy":"product_cat","embeddable":true,"href":"https:\/\/hoogeveenplants.nl\/de\/wp-json\/wp\/v2\/product_cat?post=1315251"},{"taxonomy":"product_tag","embeddable":true,"href":"https:\/\/hoogeveenplants.nl\/de\/wp-json\/wp\/v2\/product_tag?post=1315251"}],"curies":[{"name":"wp","href":"https:\/\/api.w.org\/{rel}","templated":true}]}}