{"id":1315250,"date":"2026-04-09T03:32:17","date_gmt":"2026-04-09T02:32:17","guid":{"rendered":"https:\/\/hoogeveenplants.nl\/p\/clematis-boulevard-nubia-evipo079\/"},"modified":"2026-04-09T03:48:09","modified_gmt":"2026-04-09T02:48:09","slug":"clematis-boulevard-nubia-evipo079","status":"publish","type":"product","link":"https:\/\/hoogeveenplants.nl\/de\/p\/clematis-boulevard-nubia-evipo079\/","title":{"rendered":"Clematis Boulevard\u00ae Nubia\u2122 Evipo079"},"content":{"rendered":"<p>Eine ganz besondere Waldrebe, die den ganzen Sommer \u00fcber bl\u00fcht. Von Mai bis September kann man sich an ihren gro\u00dfen roten Dolden erfreuen. Die Clematis bildet im ersten Jahr eine Bl\u00fctenoase. Im Gegensatz zu den meisten Clematis-Arten, die nur ein bis zwei Monate bl\u00fchen, kann man sich an &#8218;Nubia&#8216; bis zu f\u00fcnf Monate lang erfreuen. An einer Pergola oder einem Kletterger\u00fcst kann die Clematis &#8218;Nubia&#8216; eine H\u00f6he von maximal 180 cm erreichen. Diese Clematis bevorzugt einen Platz in der (halb)vollen Sonne. Ein Platz in der Morgen- und\/oder Abendsonne ist am besten geeignet. Da &#8218;Nubia&#8216; eine kompakte Sorte ist, kann sie auch in einem Topf auf dem Balkon, der Terrasse oder sogar in einer Bl\u00fctenampel stehen. Damit die Waldrebe besser klettern kann, braucht sie ein wenig Hilfe. Am besten ist es, die Pflanze an einem Gestell, Draht oder Stock entlang zu f\u00fchren. Ein R\u00fcckschnitt ist nicht erforderlich. Entfernen Sie jedoch Anfang M\u00e4rz abgestorbene und besch\u00e4digte Zweige. Sie k\u00f6nnen diese Clematis im Fr\u00fchjahr auf eine H\u00f6he von maximal 20 Zentimetern \u00fcber dem Boden zur\u00fcckschneiden.<\/p>\n","protected":false},"excerpt":{"rendered":"<p>Eine ganz besondere Waldrebe, die den ganzen Sommer \u00fcber bl\u00fcht. Von Mai bis September kann man sich an ihren gro\u00dfen roten Dolden erfreuen. Die Clematis bildet im ersten Jahr eine Bl\u00fctenoase. Im Gegensatz zu den meisten Clematis-Arten, die nur ein bis zwei Monate bl\u00fchen, kann man sich an &#8218;Nubia&#8216; bis zu f\u00fcnf Monate lang erfreuen. [&hellip;]<\/p>\n","protected":false},"featured_media":0,"template":"","meta":{"_acf_changed":false},"product_brand":[],"product_cat":[252,71],"product_tag":[],"class_list":{"0":"post-1315250","1":"product","2":"type-product","3":"status-publish","5":"product_cat-our-choice-upclimbers","6":"product_cat-upclimbers","7":"pa_bloemvruchtkleur-rot","8":"pa_location-halbschattig","9":"pa_location-sonnig","10":"pa_max-height-517","12":"first","13":"instock","14":"product-type-simple"},"acf":[],"_links":{"self":[{"href":"https:\/\/hoogeveenplants.nl\/de\/wp-json\/wp\/v2\/product\/1315250","targetHints":{"allow":["GET"]}}],"collection":[{"href":"https:\/\/hoogeveenplants.nl\/de\/wp-json\/wp\/v2\/product"}],"about":[{"href":"https:\/\/hoogeveenplants.nl\/de\/wp-json\/wp\/v2\/types\/product"}],"wp:attachment":[{"href":"https:\/\/hoogeveenplants.nl\/de\/wp-json\/wp\/v2\/media?parent=1315250"}],"wp:term":[{"taxonomy":"product_brand","embeddable":true,"href":"https:\/\/hoogeveenplants.nl\/de\/wp-json\/wp\/v2\/product_brand?post=1315250"},{"taxonomy":"product_cat","embeddable":true,"href":"https:\/\/hoogeveenplants.nl\/de\/wp-json\/wp\/v2\/product_cat?post=1315250"},{"taxonomy":"product_tag","embeddable":true,"href":"https:\/\/hoogeveenplants.nl\/de\/wp-json\/wp\/v2\/product_tag?post=1315250"}],"curies":[{"name":"wp","href":"https:\/\/api.w.org\/{rel}","templated":true}]}}