{"id":1315244,"date":"2026-04-09T03:32:14","date_gmt":"2026-04-09T02:32:14","guid":{"rendered":"https:\/\/hoogeveenplants.nl\/p\/parthenocissus-henryana\/"},"modified":"2026-04-09T03:48:07","modified_gmt":"2026-04-09T02:48:07","slug":"parthenocissus-henryana","status":"publish","type":"product","link":"https:\/\/hoogeveenplants.nl\/de\/p\/parthenocissus-henryana\/","title":{"rendered":"Parthenocissus henryana"},"content":{"rendered":"<p>Parthenocissus Henryana ist die farbenpr\u00e4chtigste Kletterpflanze aus der Familie der wilden Weinreben. Die handf\u00f6rmigen gr\u00fcnen Bl\u00e4tter haben eine silbrige Ader und f\u00e4rben sich im Herbst sch\u00f6n rot. Diese Kletterpflanze ist nicht so widerstandsf\u00e4hig wie ihre Artgenossen und erreicht &#8217;nur&#8216; eine Endh\u00f6he von 4 m. Die Pflanze befestigt sich mit &#8222;Saugn\u00e4pfen&#8220;, die sogar auf glatten Oberfl\u00e4chen haften k\u00f6nnen! Achtung: Diese selbsthaftenden Saugn\u00e4pfe k\u00f6nnen Holzteile besch\u00e4digen. Eine sch\u00f6ne Pflanze zur Dekoration Ihrer Terrasse!<\/p>\n","protected":false},"excerpt":{"rendered":"<p>Parthenocissus Henryana ist die farbenpr\u00e4chtigste Kletterpflanze aus der Familie der wilden Weinreben. Die handf\u00f6rmigen gr\u00fcnen Bl\u00e4tter haben eine silbrige Ader und f\u00e4rben sich im Herbst sch\u00f6n rot. Diese Kletterpflanze ist nicht so widerstandsf\u00e4hig wie ihre Artgenossen und erreicht &#8217;nur&#8216; eine Endh\u00f6he von 4 m. Die Pflanze befestigt sich mit &#8222;Saugn\u00e4pfen&#8220;, die sogar auf glatten Oberfl\u00e4chen [&hellip;]<\/p>\n","protected":false},"featured_media":0,"template":"","meta":{"_acf_changed":false},"product_brand":[],"product_cat":[252,71],"product_tag":[],"class_list":{"0":"post-1315244","1":"product","2":"type-product","3":"status-publish","5":"product_cat-our-choice-upclimbers","6":"product_cat-upclimbers","7":"pa_bloemvruchtkleur-rot","8":"pa_location-halbschattig","9":"pa_location-sonnig","10":"pa_max-height-34","12":"first","13":"instock","14":"product-type-simple"},"acf":[],"_links":{"self":[{"href":"https:\/\/hoogeveenplants.nl\/de\/wp-json\/wp\/v2\/product\/1315244","targetHints":{"allow":["GET"]}}],"collection":[{"href":"https:\/\/hoogeveenplants.nl\/de\/wp-json\/wp\/v2\/product"}],"about":[{"href":"https:\/\/hoogeveenplants.nl\/de\/wp-json\/wp\/v2\/types\/product"}],"wp:attachment":[{"href":"https:\/\/hoogeveenplants.nl\/de\/wp-json\/wp\/v2\/media?parent=1315244"}],"wp:term":[{"taxonomy":"product_brand","embeddable":true,"href":"https:\/\/hoogeveenplants.nl\/de\/wp-json\/wp\/v2\/product_brand?post=1315244"},{"taxonomy":"product_cat","embeddable":true,"href":"https:\/\/hoogeveenplants.nl\/de\/wp-json\/wp\/v2\/product_cat?post=1315244"},{"taxonomy":"product_tag","embeddable":true,"href":"https:\/\/hoogeveenplants.nl\/de\/wp-json\/wp\/v2\/product_tag?post=1315244"}],"curies":[{"name":"wp","href":"https:\/\/api.w.org\/{rel}","templated":true}]}}