{"id":1315241,"date":"2026-04-09T03:32:12","date_gmt":"2026-04-09T02:32:12","guid":{"rendered":"https:\/\/hoogeveenplants.nl\/p\/clematis-armandii\/"},"modified":"2026-04-09T03:48:06","modified_gmt":"2026-04-09T02:48:06","slug":"clematis-armandii","status":"publish","type":"product","link":"https:\/\/hoogeveenplants.nl\/de\/p\/clematis-armandii\/","title":{"rendered":"Clematis armandii"},"content":{"rendered":"<p>Die winterharte Clematis Armandii ist eine kleinbl\u00fctige Waldrebe, die bereits im ersten Jahr bl\u00fcht. Die Armandii ist f\u00fcr ihre herrlich duftenden wei\u00dfen Bl\u00fcten bekannt. Eine Besonderheit dieser Clematis ist, dass sie eine der wenigen ist, die im Winter gr\u00fcn bleibt. So beh\u00e4lt die Pflanze das ganze Jahr \u00fcber ihren Zierwert. Die l\u00e4nglichen, gl\u00e4nzend gr\u00fcnen Bl\u00e4tter sind sehr elegant und mit ihrer F\u00fclle an duftenden Bl\u00fcten kann man den Fr\u00fchling schon fr\u00fch in seinem Garten riechen. Gedeiht gut in Sonne \/ Halbschatten. Es ist am besten, die Armandii unmittelbar nach der Bl\u00fcte zu beschneiden. Diese Art kann etwa 2 bis 3 Meter pro Jahr wachsen.<\/p>\n","protected":false},"excerpt":{"rendered":"<p>Die winterharte Clematis Armandii ist eine kleinbl\u00fctige Waldrebe, die bereits im ersten Jahr bl\u00fcht. Die Armandii ist f\u00fcr ihre herrlich duftenden wei\u00dfen Bl\u00fcten bekannt. Eine Besonderheit dieser Clematis ist, dass sie eine der wenigen ist, die im Winter gr\u00fcn bleibt. So beh\u00e4lt die Pflanze das ganze Jahr \u00fcber ihren Zierwert. Die l\u00e4nglichen, gl\u00e4nzend gr\u00fcnen Bl\u00e4tter [&hellip;]<\/p>\n","protected":false},"featured_media":0,"template":"","meta":{"_acf_changed":false},"product_brand":[],"product_cat":[71],"product_tag":[],"class_list":{"0":"post-1315241","1":"product","2":"type-product","3":"status-publish","5":"product_cat-upclimbers","6":"pa_bloemvruchtkleur-weiss","7":"pa_location-halbschattig","8":"pa_location-sonnig","9":"pa_max-height-34","11":"first","12":"instock","13":"product-type-simple"},"acf":[],"_links":{"self":[{"href":"https:\/\/hoogeveenplants.nl\/de\/wp-json\/wp\/v2\/product\/1315241","targetHints":{"allow":["GET"]}}],"collection":[{"href":"https:\/\/hoogeveenplants.nl\/de\/wp-json\/wp\/v2\/product"}],"about":[{"href":"https:\/\/hoogeveenplants.nl\/de\/wp-json\/wp\/v2\/types\/product"}],"wp:attachment":[{"href":"https:\/\/hoogeveenplants.nl\/de\/wp-json\/wp\/v2\/media?parent=1315241"}],"wp:term":[{"taxonomy":"product_brand","embeddable":true,"href":"https:\/\/hoogeveenplants.nl\/de\/wp-json\/wp\/v2\/product_brand?post=1315241"},{"taxonomy":"product_cat","embeddable":true,"href":"https:\/\/hoogeveenplants.nl\/de\/wp-json\/wp\/v2\/product_cat?post=1315241"},{"taxonomy":"product_tag","embeddable":true,"href":"https:\/\/hoogeveenplants.nl\/de\/wp-json\/wp\/v2\/product_tag?post=1315241"}],"curies":[{"name":"wp","href":"https:\/\/api.w.org\/{rel}","templated":true}]}}