{"id":1315235,"date":"2026-04-09T03:32:08","date_gmt":"2026-04-09T02:32:08","guid":{"rendered":"https:\/\/hoogeveenplants.nl\/p\/clematis-multi-blue\/"},"modified":"2026-04-09T03:48:05","modified_gmt":"2026-04-09T02:48:05","slug":"clematis-multi-blue","status":"publish","type":"product","link":"https:\/\/hoogeveenplants.nl\/de\/p\/clematis-multi-blue\/","title":{"rendered":"Clematis Multi Blue"},"content":{"rendered":"<p>Clematis Multi Blue&#8216; ist eine der Arten mit den gr\u00f6\u00dften Bl\u00fcten. Sie bl\u00fcht zweimal im Jahr und ist damit ein echter Blickfang im Garten. Die erste Bl\u00fctezeit ist von Mai-Juni mit violett-blauen Bl\u00fcten und die zweite Bl\u00fctezeit ist zwischen Juli und September.  Nachdem die &#8218;Clematis Multi Blue&#8216; zum ersten Mal gebl\u00fcht hat, ist es am besten, sie zur\u00fcckzuschneiden, damit sie zum zweiten Mal bl\u00fcht. Die Clematis hat eine ordentliche und kompakte Wuchsform und ist daher sowohl f\u00fcr gro\u00dfe als auch f\u00fcr kleine G\u00e4rten geeignet. Nach einigen Jahren erreicht diese Sorte eine H\u00f6he von etwa 2 bis 3 Metern. Damit die Clematis besser klettern kann, braucht sie ein wenig Hilfe. Am besten ist es, die Pflanze an einem Gestell, Draht oder Stock hochzuf\u00fchren. Die meisten Kletterer f\u00fchlen sich sowohl im Halbschatten als auch in der Sonne wohl. Dadurch eignet sich die Clematis f\u00fcr die meisten Stellen in Ihrem Garten, sehr praktisch! Bei mehr Sonne bl\u00fcht die Clematis \u00fcppiger. Achten Sie darauf, dass die Basis Ihrer Kletterpflanze nicht den ganzen Tag in der prallen Sonne steht. Sie k\u00f6nnen sie abdecken oder etwas tiefer pflanzen.<\/p>\n","protected":false},"excerpt":{"rendered":"<p>Clematis Multi Blue&#8216; ist eine der Arten mit den gr\u00f6\u00dften Bl\u00fcten. Sie bl\u00fcht zweimal im Jahr und ist damit ein echter Blickfang im Garten. Die erste Bl\u00fctezeit ist von Mai-Juni mit violett-blauen Bl\u00fcten und die zweite Bl\u00fctezeit ist zwischen Juli und September. Nachdem die &#8218;Clematis Multi Blue&#8216; zum ersten Mal gebl\u00fcht hat, ist es am [&hellip;]<\/p>\n","protected":false},"featured_media":0,"template":"","meta":{"_acf_changed":false},"product_brand":[],"product_cat":[71],"product_tag":[],"class_list":{"0":"post-1315235","1":"product","2":"type-product","3":"status-publish","5":"product_cat-upclimbers","6":"pa_bloemvruchtkleur-blau","7":"pa_location-halbschattig","8":"pa_location-sonnig","9":"pa_max-height-91","11":"first","12":"instock","13":"product-type-simple"},"acf":[],"_links":{"self":[{"href":"https:\/\/hoogeveenplants.nl\/de\/wp-json\/wp\/v2\/product\/1315235","targetHints":{"allow":["GET"]}}],"collection":[{"href":"https:\/\/hoogeveenplants.nl\/de\/wp-json\/wp\/v2\/product"}],"about":[{"href":"https:\/\/hoogeveenplants.nl\/de\/wp-json\/wp\/v2\/types\/product"}],"wp:attachment":[{"href":"https:\/\/hoogeveenplants.nl\/de\/wp-json\/wp\/v2\/media?parent=1315235"}],"wp:term":[{"taxonomy":"product_brand","embeddable":true,"href":"https:\/\/hoogeveenplants.nl\/de\/wp-json\/wp\/v2\/product_brand?post=1315235"},{"taxonomy":"product_cat","embeddable":true,"href":"https:\/\/hoogeveenplants.nl\/de\/wp-json\/wp\/v2\/product_cat?post=1315235"},{"taxonomy":"product_tag","embeddable":true,"href":"https:\/\/hoogeveenplants.nl\/de\/wp-json\/wp\/v2\/product_tag?post=1315235"}],"curies":[{"name":"wp","href":"https:\/\/api.w.org\/{rel}","templated":true}]}}