{"id":1315231,"date":"2026-04-09T03:32:06","date_gmt":"2026-04-09T02:32:06","guid":{"rendered":"https:\/\/hoogeveenplants.nl\/p\/clematis-alpina-imke\/"},"modified":"2026-04-09T03:48:04","modified_gmt":"2026-04-09T02:48:04","slug":"clematis-alpina-imke","status":"publish","type":"product","link":"https:\/\/hoogeveenplants.nl\/de\/p\/clematis-alpina-imke\/","title":{"rendered":"Clematis alpina &#8218;Imke&#8216;"},"content":{"rendered":"<p>Die Clematis &#8218;Alpina Imke&#8216; ist eine schnellw\u00fcchsige und reichbl\u00fchende Sorte. Die Kletterpflanze bl\u00fcht im April und Mai und hat wundersch\u00f6ne rosa Bl\u00fcten. Wenn Sie der Rebe einen sonnigen Platz geben, wird sie bald ein Meer von Bl\u00fcten hervorbringen. Eine ausgewachsene Pflanze kann bis zu 5 Meter hoch werden, sie kann aber auch durch R\u00fcckschnitt niedriger gehalten werden. Schneiden Sie die Pflanze vorzugsweise nach der Bl\u00fcte. Um ein besonders gesundes Wachstum und die Bl\u00fcte zu f\u00f6rdern, ist es wichtig, die Clematis in n\u00e4hrstoffreichen Boden zu pflanzen.<\/p>\n","protected":false},"excerpt":{"rendered":"<p>Die Clematis &#8218;Alpina Imke&#8216; ist eine schnellw\u00fcchsige und reichbl\u00fchende Sorte. Die Kletterpflanze bl\u00fcht im April und Mai und hat wundersch\u00f6ne rosa Bl\u00fcten. Wenn Sie der Rebe einen sonnigen Platz geben, wird sie bald ein Meer von Bl\u00fcten hervorbringen. Eine ausgewachsene Pflanze kann bis zu 5 Meter hoch werden, sie kann aber auch durch R\u00fcckschnitt niedriger [&hellip;]<\/p>\n","protected":false},"featured_media":0,"template":"","meta":{"_acf_changed":false},"product_brand":[],"product_cat":[252,71],"product_tag":[],"class_list":{"0":"post-1315231","1":"product","2":"type-product","3":"status-publish","5":"product_cat-our-choice-upclimbers","6":"product_cat-upclimbers","7":"pa_bloemvruchtkleur-rosa","8":"pa_location-halbschattig","9":"pa_location-sonnig","10":"pa_max-height-91","12":"first","13":"instock","14":"product-type-simple"},"acf":[],"_links":{"self":[{"href":"https:\/\/hoogeveenplants.nl\/de\/wp-json\/wp\/v2\/product\/1315231","targetHints":{"allow":["GET"]}}],"collection":[{"href":"https:\/\/hoogeveenplants.nl\/de\/wp-json\/wp\/v2\/product"}],"about":[{"href":"https:\/\/hoogeveenplants.nl\/de\/wp-json\/wp\/v2\/types\/product"}],"wp:attachment":[{"href":"https:\/\/hoogeveenplants.nl\/de\/wp-json\/wp\/v2\/media?parent=1315231"}],"wp:term":[{"taxonomy":"product_brand","embeddable":true,"href":"https:\/\/hoogeveenplants.nl\/de\/wp-json\/wp\/v2\/product_brand?post=1315231"},{"taxonomy":"product_cat","embeddable":true,"href":"https:\/\/hoogeveenplants.nl\/de\/wp-json\/wp\/v2\/product_cat?post=1315231"},{"taxonomy":"product_tag","embeddable":true,"href":"https:\/\/hoogeveenplants.nl\/de\/wp-json\/wp\/v2\/product_tag?post=1315231"}],"curies":[{"name":"wp","href":"https:\/\/api.w.org\/{rel}","templated":true}]}}