{"id":1315228,"date":"2026-04-09T03:32:04","date_gmt":"2026-04-09T02:32:04","guid":{"rendered":"https:\/\/hoogeveenplants.nl\/p\/clematis-alpina\/"},"modified":"2026-04-09T03:48:03","modified_gmt":"2026-04-09T02:48:03","slug":"clematis-alpina","status":"publish","type":"product","link":"https:\/\/hoogeveenplants.nl\/de\/p\/clematis-alpina\/","title":{"rendered":"Clematis Alpina"},"content":{"rendered":"<p>Die Clematis Alpina ist eine sehr winterharte kleinbl\u00fctige Clematis mit einer leuchtend blauen Bl\u00fctenfarbe. Sie ist aufgrund ihrer starken Widerstandsf\u00e4higkeit eine einzigartige Art und daher im n\u00f6rdlichen Teil Europas sehr beliebt.<\/p>\n","protected":false},"excerpt":{"rendered":"<p>Die Clematis Alpina ist eine sehr winterharte kleinbl\u00fctige Clematis mit einer leuchtend blauen Bl\u00fctenfarbe. Sie ist aufgrund ihrer starken Widerstandsf\u00e4higkeit eine einzigartige Art und daher im n\u00f6rdlichen Teil Europas sehr beliebt.<\/p>\n","protected":false},"featured_media":0,"template":"","meta":{"_acf_changed":false},"product_brand":[],"product_cat":[71],"product_tag":[],"class_list":{"0":"post-1315228","1":"product","2":"type-product","3":"status-publish","5":"product_cat-upclimbers","6":"pa_bloemvruchtkleur-blau","7":"pa_location-halbschattig","8":"pa_location-sonnig","9":"pa_max-height-36","11":"first","12":"instock","13":"product-type-simple"},"acf":[],"_links":{"self":[{"href":"https:\/\/hoogeveenplants.nl\/de\/wp-json\/wp\/v2\/product\/1315228","targetHints":{"allow":["GET"]}}],"collection":[{"href":"https:\/\/hoogeveenplants.nl\/de\/wp-json\/wp\/v2\/product"}],"about":[{"href":"https:\/\/hoogeveenplants.nl\/de\/wp-json\/wp\/v2\/types\/product"}],"wp:attachment":[{"href":"https:\/\/hoogeveenplants.nl\/de\/wp-json\/wp\/v2\/media?parent=1315228"}],"wp:term":[{"taxonomy":"product_brand","embeddable":true,"href":"https:\/\/hoogeveenplants.nl\/de\/wp-json\/wp\/v2\/product_brand?post=1315228"},{"taxonomy":"product_cat","embeddable":true,"href":"https:\/\/hoogeveenplants.nl\/de\/wp-json\/wp\/v2\/product_cat?post=1315228"},{"taxonomy":"product_tag","embeddable":true,"href":"https:\/\/hoogeveenplants.nl\/de\/wp-json\/wp\/v2\/product_tag?post=1315228"}],"curies":[{"name":"wp","href":"https:\/\/api.w.org\/{rel}","templated":true}]}}