{"id":1314594,"date":"2026-04-08T03:42:51","date_gmt":"2026-04-08T02:42:51","guid":{"rendered":"https:\/\/hoogeveenplants.nl\/p\/castanea-sativa-p19\/"},"modified":"2026-04-08T03:52:40","modified_gmt":"2026-04-08T02:52:40","slug":"castanea-sativa-p19","status":"publish","type":"product","link":"https:\/\/hoogeveenplants.nl\/de\/p\/castanea-sativa-p19\/","title":{"rendered":"Castanea Sativa P19"},"content":{"rendered":"<p>Leckeres gr\u00fcnes Obst aus 100% biologischem Anbau. Das bedeutet, dass beim Anbau nur pflanzliche und tierische Materialien verwendet wurden. Der Topf und das Etikett bestehen aus recyceltem Kunststoff und sind somit eine saubere L\u00f6sung f\u00fcr die Umwelt.<br \/>\nCastanea Sativa&#8216; ist ein gro\u00dfer Edelkastanienbaum mit einer breiten Krone. Der Baum kann ein Alter von 400 Jahren erreichen. Die H\u00f6he des Baumstamms betr\u00e4gt etwa 200 cm, dar\u00fcber beginnen die \u00c4ste. Der Stamm ist verdreht und hat eine Rinde voller Rillen und Spalten. Junge Zweige sind olivgr\u00fcn, f\u00e4rben sich aber sp\u00e4ter r\u00f6tlich-braun. Die l\u00e4nglichen Bl\u00e4tter sind dunkelgr\u00fcn, gl\u00e4nzend und haben einen gezackten Rand. Die jungen Bl\u00e4tter sind auf der Unterseite behaart. Die Fr\u00fcchte sind gl\u00e4nzende braune N\u00fcsse. Es gibt zwei bis vier von ihnen zusammen in harten, gelb-braunen, stacheligen Schalen. Die Esskastanien, die im Herbst von den Kastanienb\u00e4umen fallen, sind essbar. Nachdem man die Kastanie von ihrer braunen Haut befreit hat, kann man sie roh essen, braten oder kochen. Esskastanien enthalten viel weniger Fett als andere N\u00fcsse. Sie enthalten jedoch die notwendigen Kohlenhydrate, Ballaststoffe und Proteine.<\/p>\n","protected":false},"excerpt":{"rendered":"<p>Leckeres gr\u00fcnes Obst aus 100% biologischem Anbau. Das bedeutet, dass beim Anbau nur pflanzliche und tierische Materialien verwendet wurden. Der Topf und das Etikett bestehen aus recyceltem Kunststoff und sind somit eine saubere L\u00f6sung f\u00fcr die Umwelt. Castanea Sativa&#8216; ist ein gro\u00dfer Edelkastanienbaum mit einer breiten Krone. Der Baum kann ein Alter von 400 Jahren [&hellip;]<\/p>\n","protected":false},"featured_media":0,"template":"","meta":{"_acf_changed":false},"product_brand":[],"product_cat":[],"product_tag":[],"class_list":{"0":"post-1314594","1":"product","2":"type-product","3":"status-publish","5":"pa_bloemvruchtkleur-braun","6":"pa_location-halbschattig","7":"pa_location-sonnig","8":"pa_max-height-77","10":"first","11":"instock","12":"product-type-simple"},"acf":[],"_links":{"self":[{"href":"https:\/\/hoogeveenplants.nl\/de\/wp-json\/wp\/v2\/product\/1314594","targetHints":{"allow":["GET"]}}],"collection":[{"href":"https:\/\/hoogeveenplants.nl\/de\/wp-json\/wp\/v2\/product"}],"about":[{"href":"https:\/\/hoogeveenplants.nl\/de\/wp-json\/wp\/v2\/types\/product"}],"wp:attachment":[{"href":"https:\/\/hoogeveenplants.nl\/de\/wp-json\/wp\/v2\/media?parent=1314594"}],"wp:term":[{"taxonomy":"product_brand","embeddable":true,"href":"https:\/\/hoogeveenplants.nl\/de\/wp-json\/wp\/v2\/product_brand?post=1314594"},{"taxonomy":"product_cat","embeddable":true,"href":"https:\/\/hoogeveenplants.nl\/de\/wp-json\/wp\/v2\/product_cat?post=1314594"},{"taxonomy":"product_tag","embeddable":true,"href":"https:\/\/hoogeveenplants.nl\/de\/wp-json\/wp\/v2\/product_tag?post=1314594"}],"curies":[{"name":"wp","href":"https:\/\/api.w.org\/{rel}","templated":true}]}}