{"id":1314382,"date":"2026-04-08T03:38:42","date_gmt":"2026-04-08T02:38:42","guid":{"rendered":"https:\/\/hoogeveenplants.nl\/p\/helleborus-sternii-silver-star\/"},"modified":"2026-04-08T03:50:45","modified_gmt":"2026-04-08T02:50:45","slug":"helleborus-sternii-silver-star","status":"publish","type":"product","link":"https:\/\/hoogeveenplants.nl\/de\/p\/helleborus-sternii-silver-star\/","title":{"rendered":"Helleborus sternii &#8218;Silver Star&#8216;"},"content":{"rendered":"<p>Auffallend sind die dunkelgr\u00fcnen Bl\u00fcten und die graugr\u00fcnen, gezackten Bl\u00e4tter mit roten Stielen. Die Helleborus &#8218;Silver Star&#8216; leuchtet von November bis M\u00e4rz, wenn der Rest des Gartens im Winterschlaf liegt. Setzen Sie Helleborus x sterni, auch bekannt als Nieswurz oder Christrose, an einen halbschattigen Platz, unter Str\u00e4ucher, in Gruppen im vorderen Teil des Beetes oder in einen sch\u00f6nen Pflanzkasten auf der Terrasse oder dem Balkon. Sch\u00f6n mit anderen WinterBl\u00fcten!<\/p>\n","protected":false},"excerpt":{"rendered":"<p>Auffallend sind die dunkelgr\u00fcnen Bl\u00fcten und die graugr\u00fcnen, gezackten Bl\u00e4tter mit roten Stielen. Die Helleborus &#8218;Silver Star&#8216; leuchtet von November bis M\u00e4rz, wenn der Rest des Gartens im Winterschlaf liegt. Setzen Sie Helleborus x sterni, auch bekannt als Nieswurz oder Christrose, an einen halbschattigen Platz, unter Str\u00e4ucher, in Gruppen im vorderen Teil des Beetes oder [&hellip;]<\/p>\n","protected":false},"featured_media":0,"template":"","meta":{"_acf_changed":false},"product_brand":[],"product_cat":[55],"product_tag":[],"class_list":{"0":"post-1314382","1":"product","2":"type-product","3":"status-publish","5":"product_cat-hello-helleborus","6":"pa_bloemvruchtkleur-gruen","7":"pa_location-halbschattig","8":"pa_max-height-86","10":"first","11":"instock","12":"product-type-simple"},"acf":[],"_links":{"self":[{"href":"https:\/\/hoogeveenplants.nl\/de\/wp-json\/wp\/v2\/product\/1314382","targetHints":{"allow":["GET"]}}],"collection":[{"href":"https:\/\/hoogeveenplants.nl\/de\/wp-json\/wp\/v2\/product"}],"about":[{"href":"https:\/\/hoogeveenplants.nl\/de\/wp-json\/wp\/v2\/types\/product"}],"wp:attachment":[{"href":"https:\/\/hoogeveenplants.nl\/de\/wp-json\/wp\/v2\/media?parent=1314382"}],"wp:term":[{"taxonomy":"product_brand","embeddable":true,"href":"https:\/\/hoogeveenplants.nl\/de\/wp-json\/wp\/v2\/product_brand?post=1314382"},{"taxonomy":"product_cat","embeddable":true,"href":"https:\/\/hoogeveenplants.nl\/de\/wp-json\/wp\/v2\/product_cat?post=1314382"},{"taxonomy":"product_tag","embeddable":true,"href":"https:\/\/hoogeveenplants.nl\/de\/wp-json\/wp\/v2\/product_tag?post=1314382"}],"curies":[{"name":"wp","href":"https:\/\/api.w.org\/{rel}","templated":true}]}}