{"id":1314369,"date":"2026-04-08T03:38:33","date_gmt":"2026-04-08T02:38:33","guid":{"rendered":"https:\/\/hoogeveenplants.nl\/p\/helleborus-lividus-green-marble\/"},"modified":"2026-04-08T03:50:42","modified_gmt":"2026-04-08T02:50:42","slug":"helleborus-lividus-green-marble","status":"publish","type":"product","link":"https:\/\/hoogeveenplants.nl\/de\/p\/helleborus-lividus-green-marble\/","title":{"rendered":"Helleborus lividus &#8218;Green Marble&#8216;"},"content":{"rendered":"<p>Helleborus lividus ist eine kompakte, immergr\u00fcne Staude mit gr\u00fcnlich-wei\u00df marmorierten Bl\u00e4ttern und leuchtend gr\u00fcnen Bl\u00fcten. Eine bezaubernde Pflanze, die im Winter als Topfpflanze in einem k\u00fchlen Raum bewundert oder im Freien gezogen werden kann. Diese Helleborus-Pflanzen werden in knospiger\/bl\u00fchender Form geliefert und sind eine ungew\u00f6hnlich charmante Staude f\u00fcr Ihre Beete und Rabatten.<\/p>\n","protected":false},"excerpt":{"rendered":"<p>Helleborus lividus ist eine kompakte, immergr\u00fcne Staude mit gr\u00fcnlich-wei\u00df marmorierten Bl\u00e4ttern und leuchtend gr\u00fcnen Bl\u00fcten. Eine bezaubernde Pflanze, die im Winter als Topfpflanze in einem k\u00fchlen Raum bewundert oder im Freien gezogen werden kann. Diese Helleborus-Pflanzen werden in knospiger\/bl\u00fchender Form geliefert und sind eine ungew\u00f6hnlich charmante Staude f\u00fcr Ihre Beete und Rabatten.<\/p>\n","protected":false},"featured_media":0,"template":"","meta":{"_acf_changed":false},"product_brand":[],"product_cat":[55],"product_tag":[],"class_list":{"0":"post-1314369","1":"product","2":"type-product","3":"status-publish","5":"product_cat-hello-helleborus","6":"pa_bloemvruchtkleur-gruen","7":"pa_location-halbschattig","8":"pa_max-height-86","10":"first","11":"instock","12":"product-type-simple"},"acf":[],"_links":{"self":[{"href":"https:\/\/hoogeveenplants.nl\/de\/wp-json\/wp\/v2\/product\/1314369","targetHints":{"allow":["GET"]}}],"collection":[{"href":"https:\/\/hoogeveenplants.nl\/de\/wp-json\/wp\/v2\/product"}],"about":[{"href":"https:\/\/hoogeveenplants.nl\/de\/wp-json\/wp\/v2\/types\/product"}],"wp:attachment":[{"href":"https:\/\/hoogeveenplants.nl\/de\/wp-json\/wp\/v2\/media?parent=1314369"}],"wp:term":[{"taxonomy":"product_brand","embeddable":true,"href":"https:\/\/hoogeveenplants.nl\/de\/wp-json\/wp\/v2\/product_brand?post=1314369"},{"taxonomy":"product_cat","embeddable":true,"href":"https:\/\/hoogeveenplants.nl\/de\/wp-json\/wp\/v2\/product_cat?post=1314369"},{"taxonomy":"product_tag","embeddable":true,"href":"https:\/\/hoogeveenplants.nl\/de\/wp-json\/wp\/v2\/product_tag?post=1314369"}],"curies":[{"name":"wp","href":"https:\/\/api.w.org\/{rel}","templated":true}]}}