{"id":1313168,"date":"2026-04-07T03:40:35","date_gmt":"2026-04-07T02:40:35","guid":{"rendered":"https:\/\/hoogeveenplants.nl\/p\/lonicera-similis-var-delavayi\/"},"modified":"2026-04-07T03:50:55","modified_gmt":"2026-04-07T02:50:55","slug":"lonicera-similis-var-delavayi","status":"publish","type":"product","link":"https:\/\/hoogeveenplants.nl\/de\/p\/lonicera-similis-var-delavayi\/","title":{"rendered":"Lonicera similis var. &#8218;Delavayi&#8216;"},"content":{"rendered":"<p>Lonicera similis var. &#8218;Delavayi&#8216; ist ein stark und reichlich bl\u00fchendes Gei\u00dfblatt, das f\u00fcr seine besondere Farbe bekannt ist. Es ist eine sch\u00f6ne Art, die reichlich bl\u00fcht. Das Gei\u00dfblatt liebt die Sonne und steht daher gerne in voller Sonne oder im Halbschatten.<\/p>\n","protected":false},"excerpt":{"rendered":"<p>Lonicera similis var. &#8218;Delavayi&#8216; ist ein stark und reichlich bl\u00fchendes Gei\u00dfblatt, das f\u00fcr seine besondere Farbe bekannt ist. Es ist eine sch\u00f6ne Art, die reichlich bl\u00fcht. Das Gei\u00dfblatt liebt die Sonne und steht daher gerne in voller Sonne oder im Halbschatten.<\/p>\n","protected":false},"featured_media":0,"template":"","meta":{"_acf_changed":false},"product_brand":[],"product_cat":[71],"product_tag":[],"class_list":{"0":"post-1313168","1":"product","2":"type-product","3":"status-publish","5":"product_cat-upclimbers","6":"pa_bloemvruchtkleur-gelb-weiss","7":"pa_location-halbschattig","8":"pa_location-sonnig","10":"first","11":"instock","12":"product-type-simple"},"acf":[],"_links":{"self":[{"href":"https:\/\/hoogeveenplants.nl\/de\/wp-json\/wp\/v2\/product\/1313168","targetHints":{"allow":["GET"]}}],"collection":[{"href":"https:\/\/hoogeveenplants.nl\/de\/wp-json\/wp\/v2\/product"}],"about":[{"href":"https:\/\/hoogeveenplants.nl\/de\/wp-json\/wp\/v2\/types\/product"}],"wp:attachment":[{"href":"https:\/\/hoogeveenplants.nl\/de\/wp-json\/wp\/v2\/media?parent=1313168"}],"wp:term":[{"taxonomy":"product_brand","embeddable":true,"href":"https:\/\/hoogeveenplants.nl\/de\/wp-json\/wp\/v2\/product_brand?post=1313168"},{"taxonomy":"product_cat","embeddable":true,"href":"https:\/\/hoogeveenplants.nl\/de\/wp-json\/wp\/v2\/product_cat?post=1313168"},{"taxonomy":"product_tag","embeddable":true,"href":"https:\/\/hoogeveenplants.nl\/de\/wp-json\/wp\/v2\/product_tag?post=1313168"}],"curies":[{"name":"wp","href":"https:\/\/api.w.org\/{rel}","templated":true}]}}