{"id":1313102,"date":"2026-04-07T03:38:59","date_gmt":"2026-04-07T02:38:59","guid":{"rendered":"https:\/\/hoogeveenplants.nl\/p\/carex-hachijoensis-evergold\/"},"modified":"2026-04-07T03:50:36","modified_gmt":"2026-04-07T02:50:36","slug":"carex-hachijoensis-evergold","status":"publish","type":"product","link":"https:\/\/hoogeveenplants.nl\/de\/p\/carex-hachijoensis-evergold\/","title":{"rendered":"Carex hachijoensis &#8218;Evergold&#8216;"},"content":{"rendered":"<p>Carex Evergold&#8220;, auch bekannt als gelbbrauner Liguster, ist ein immergr\u00fcnes Ziergras. Das bedeutet, dass die Pflanze auch im Winter ihre Bl\u00e4tter beh\u00e4lt. Aus diesem Grund ist Carex seit Jahren eines der beliebtesten Ziergr\u00e4ser. Die Pflanze eignet sich gut als Rabattenpflanze, im Beet oder in einem dekorativen Topf. Carex Evergold&#8216; bl\u00fcht im Fr\u00fchjahr in fr\u00f6hlichen Rispen und wird bis zu 40 cm hoch. Wir raten dazu, die Carex ab und zu im Fr\u00fchjahr zu beschneiden. Dazu schneidet man die gebr\u00e4unten Knospen bis zu 10 cm \u00fcber dem Boden ab. Das ist keine Voraussetzung, aber es verhindert, dass \u00e4ltere Bl\u00e4tter braune Flecken bekommen. Nach dem R\u00fcckschnitt treibt diese Art wieder aus und die Carex wird noch sch\u00f6ner als zuvor!<\/p>\n","protected":false},"excerpt":{"rendered":"<p>Carex Evergold&#8220;, auch bekannt als gelbbrauner Liguster, ist ein immergr\u00fcnes Ziergras. Das bedeutet, dass die Pflanze auch im Winter ihre Bl\u00e4tter beh\u00e4lt. Aus diesem Grund ist Carex seit Jahren eines der beliebtesten Ziergr\u00e4ser. Die Pflanze eignet sich gut als Rabattenpflanze, im Beet oder in einem dekorativen Topf. Carex Evergold&#8216; bl\u00fcht im Fr\u00fchjahr in fr\u00f6hlichen Rispen [&hellip;]<\/p>\n","protected":false},"featured_media":0,"template":"","meta":{"_acf_changed":false},"product_brand":[],"product_cat":[22,288],"product_tag":[],"class_list":{"0":"post-1313102","1":"product","2":"type-product","3":"status-publish","5":"product_cat-elegrass","6":"product_cat-hardy-and-evergreen","7":"pa_bloemvruchtkleur-gelb-gruen","8":"pa_location-halbschattig","9":"pa_location-sonnig","10":"pa_max-height-88","12":"first","13":"instock","14":"product-type-simple"},"acf":[],"_links":{"self":[{"href":"https:\/\/hoogeveenplants.nl\/de\/wp-json\/wp\/v2\/product\/1313102","targetHints":{"allow":["GET"]}}],"collection":[{"href":"https:\/\/hoogeveenplants.nl\/de\/wp-json\/wp\/v2\/product"}],"about":[{"href":"https:\/\/hoogeveenplants.nl\/de\/wp-json\/wp\/v2\/types\/product"}],"wp:attachment":[{"href":"https:\/\/hoogeveenplants.nl\/de\/wp-json\/wp\/v2\/media?parent=1313102"}],"wp:term":[{"taxonomy":"product_brand","embeddable":true,"href":"https:\/\/hoogeveenplants.nl\/de\/wp-json\/wp\/v2\/product_brand?post=1313102"},{"taxonomy":"product_cat","embeddable":true,"href":"https:\/\/hoogeveenplants.nl\/de\/wp-json\/wp\/v2\/product_cat?post=1313102"},{"taxonomy":"product_tag","embeddable":true,"href":"https:\/\/hoogeveenplants.nl\/de\/wp-json\/wp\/v2\/product_tag?post=1313102"}],"curies":[{"name":"wp","href":"https:\/\/api.w.org\/{rel}","templated":true}]}}