{"id":1313048,"date":"2026-04-07T03:38:21","date_gmt":"2026-04-07T02:38:21","guid":{"rendered":"https:\/\/hoogeveenplants.nl\/p\/pyrus-communis-gieser-wildeman\/"},"modified":"2026-04-07T03:50:22","modified_gmt":"2026-04-07T02:50:22","slug":"pyrus-communis-gieser-wildeman","status":"publish","type":"product","link":"https:\/\/hoogeveenplants.nl\/de\/p\/pyrus-communis-gieser-wildeman\/","title":{"rendered":"Pyrus communis &#8218;Gieser Wildeman&#8216;"},"content":{"rendered":"<p>Leckeres gr\u00fcnes Obst aus 100% biologischem Anbau. Das bedeutet, dass beim Anbau nur pflanzliche und tierische Materialien verwendet wurden. Der Topf und das Etikett bestehen aus recyceltem Kunststoff und sind somit eine saubere L\u00f6sung f\u00fcr die Umwelt.<br \/>\nPyrus Communis Gieser Wildeman&#8220; ist eine Schmorbirne. Der Birnbaum bl\u00fcht im Juli und tr\u00e4gt bis Mitte Oktober reife Fr\u00fcchte. Die Fr\u00fcchte sind klein und von braungelber Farbe mit viel Rost. Es handelt sich um eine leicht s\u00fc\u00dfe Schmorbirne mit k\u00f6rnigem Fruchtfleisch. Durch das Kochen der Schmorbirne f\u00e4rbt sich das Fruchtfleisch dunkelbraun-rot. Neben den Fr\u00fcchten hat der Birnbaum auch andere Zierwerte. Der Baum bl\u00fcht im Fr\u00fchjahr, die Bl\u00e4tter sind frischgr\u00fcn und f\u00e4rben sich im Herbst gelb bis orange-rot. Insekten und Schmetterlinge lieben die Bl\u00fcten und Birnen. Das hat den Vorteil, dass Wespen auch in der N\u00e4he dieses Baumes f\u00fcndig werden und daher seltener auf Ihre Terrasse kommen. Der Birnbaum gedeiht am besten an einem sonnigen bis halbschattigen Platz im Garten. Das Beschneiden des Birnbaums erfolgt am besten im Winter. Achten Sie darauf, dass der Baum offen ist und eine Reihe von Haupt\u00e4sten aufweist, aus denen die Seiten\u00e4ste hervorgehen.<\/p>\n","protected":false},"excerpt":{"rendered":"<p>Leckeres gr\u00fcnes Obst aus 100% biologischem Anbau. Das bedeutet, dass beim Anbau nur pflanzliche und tierische Materialien verwendet wurden. Der Topf und das Etikett bestehen aus recyceltem Kunststoff und sind somit eine saubere L\u00f6sung f\u00fcr die Umwelt.<br \/>\nPyrus Communis Gieser Wildeman&#8220; ist eine Schmorbirne. Der Birnbaum bl\u00fcht im Juli und tr\u00e4gt bis Mitte Oktober reife Fr\u00fcchte. Die Fr\u00fcchte sind klein und von braungelber Farbe mit viel Rost. Es handelt sich um eine leicht s\u00fc\u00dfe Schmorbirne mit k\u00f6rnigem Fruchtfleisch. Durch das Kochen der Schmorbirne f\u00e4rbt sich das Fruchtfleisch dunkelbraun-rot. Neben den Fr\u00fcchten hat der Birnbaum auch andere Zierwerte. Der Baum bl\u00fcht im Fr\u00fchjahr, die Bl\u00e4tter sind frischgr\u00fcn und f\u00e4rben sich im Herbst gelb bis orange-rot.<\/p>\n","protected":false},"featured_media":0,"template":"","meta":{"_acf_changed":false},"product_brand":[],"product_cat":[213],"product_tag":[],"class_list":{"0":"post-1313048","1":"product","2":"type-product","3":"status-publish","5":"product_cat-tasty-green","6":"pa_bloemvruchtkleur-weiss","7":"pa_location-halbschattig","8":"pa_location-sonnig","9":"pa_max-height-56","11":"first","12":"instock","13":"product-type-simple"},"acf":[],"_links":{"self":[{"href":"https:\/\/hoogeveenplants.nl\/de\/wp-json\/wp\/v2\/product\/1313048","targetHints":{"allow":["GET"]}}],"collection":[{"href":"https:\/\/hoogeveenplants.nl\/de\/wp-json\/wp\/v2\/product"}],"about":[{"href":"https:\/\/hoogeveenplants.nl\/de\/wp-json\/wp\/v2\/types\/product"}],"wp:attachment":[{"href":"https:\/\/hoogeveenplants.nl\/de\/wp-json\/wp\/v2\/media?parent=1313048"}],"wp:term":[{"taxonomy":"product_brand","embeddable":true,"href":"https:\/\/hoogeveenplants.nl\/de\/wp-json\/wp\/v2\/product_brand?post=1313048"},{"taxonomy":"product_cat","embeddable":true,"href":"https:\/\/hoogeveenplants.nl\/de\/wp-json\/wp\/v2\/product_cat?post=1313048"},{"taxonomy":"product_tag","embeddable":true,"href":"https:\/\/hoogeveenplants.nl\/de\/wp-json\/wp\/v2\/product_tag?post=1313048"}],"curies":[{"name":"wp","href":"https:\/\/api.w.org\/{rel}","templated":true}]}}