{"id":1312975,"date":"2026-04-07T03:36:35","date_gmt":"2026-04-07T02:36:35","guid":{"rendered":"https:\/\/hoogeveenplants.nl\/p\/rubus-lowberry-little-black-prince\/"},"modified":"2026-04-07T03:50:04","modified_gmt":"2026-04-07T02:50:04","slug":"rubus-lowberry-little-black-prince","status":"publish","type":"product","link":"https:\/\/hoogeveenplants.nl\/de\/p\/rubus-lowberry-little-black-prince\/","title":{"rendered":"Rubus Lowberry\u00ae &#8218;Little Black Prince&#8217;\u00ae"},"content":{"rendered":"<p>Leckeres gr\u00fcnes Obst aus 100% biologischem Anbau. Das bedeutet, dass beim Anbau nur pflanzliche und tierische Materialien verwendet wurden. Der Topf und das Etikett bestehen aus recyceltem Kunststoff und sind somit eine saubere L\u00f6sung f\u00fcr die Umwelt.<br \/>\nRubus Niedrig. Little Black Prince&#8216; ist eine schwarze Zwergbrombeere. Da es sich um eine kleine Brombeere handelt, kann man sie auch in einem Topf auf der Terrasse oder dem Balkon anbauen. Der Strauch hat dunkelgr\u00fcne, ovale, gezackte Bl\u00e4tter. Die Fr\u00fcchte haben ein gutes Aroma, schmecken s\u00fc\u00df und frisch. Brombeeren sind zun\u00e4chst gr\u00fcn, dann werden sie rot und schlie\u00dflich nehmen sie diese sch\u00f6ne dunkelviolett-schwarze Farbe an. Brombeeren k\u00f6nnen \u00fcber einen langen Zeitraum gepfl\u00fcckt werden, von Juli bis Oktober. Die Zweige, von denen Sie die Fr\u00fcchte gepfl\u00fcckt haben, k\u00f6nnen Sie bereits beschneiden; diese Zweige werden im n\u00e4chsten Jahr wieder Fr\u00fcchte tragen. Lassen Sie die neuen Zweige in Ruhe, sie werden sp\u00e4ter in der Saison Fr\u00fcchte tragen. Regelm\u00e4\u00dfiges Beschneiden verhindert auch die Ausbreitung von Krankheiten.<\/p>\n","protected":false},"excerpt":{"rendered":"<p>Leckeres gr\u00fcnes Obst aus 100% biologischem Anbau. Das bedeutet, dass beim Anbau nur pflanzliche und tierische Materialien verwendet wurden. Der Topf und das Etikett bestehen aus recyceltem Kunststoff und sind somit eine saubere L\u00f6sung f\u00fcr die Umwelt.<br \/>\nRubus Niedrig. Little Black Prince&#8216; ist eine schwarze Zwergbrombeere. Da es sich um eine kleine Brombeere handelt, kann man sie auch in einem Topf auf der Terrasse oder dem Balkon anbauen. Der Strauch hat dunkelgr\u00fcne, ovale, gezackte Bl\u00e4tter. Die Fr\u00fcchte haben ein gutes Aroma, schmecken s\u00fc\u00df und frisch. Brombeeren sind zun\u00e4chst gr\u00fcn, dann werden sie rot und schlie\u00dflich nehmen sie diese sch\u00f6ne dunkelviolett-schwarze Farbe an. Brombeeren k\u00f6nnen \u00fcber einen langen Zeitraum gepfl\u00fcckt werden, von Juli bis Oktober.<\/p>\n","protected":false},"featured_media":0,"template":"","meta":{"_acf_changed":false},"product_brand":[],"product_cat":[253,213],"product_tag":[],"class_list":{"0":"post-1312975","1":"product","2":"type-product","3":"status-publish","5":"product_cat-lubera","6":"product_cat-tasty-green","7":"pa_bloemvruchtkleur-schwarz","8":"pa_location-halbschattig","9":"pa_location-sonnig","10":"pa_max-height-33","12":"first","13":"instock","14":"product-type-simple"},"acf":[],"_links":{"self":[{"href":"https:\/\/hoogeveenplants.nl\/de\/wp-json\/wp\/v2\/product\/1312975","targetHints":{"allow":["GET"]}}],"collection":[{"href":"https:\/\/hoogeveenplants.nl\/de\/wp-json\/wp\/v2\/product"}],"about":[{"href":"https:\/\/hoogeveenplants.nl\/de\/wp-json\/wp\/v2\/types\/product"}],"wp:attachment":[{"href":"https:\/\/hoogeveenplants.nl\/de\/wp-json\/wp\/v2\/media?parent=1312975"}],"wp:term":[{"taxonomy":"product_brand","embeddable":true,"href":"https:\/\/hoogeveenplants.nl\/de\/wp-json\/wp\/v2\/product_brand?post=1312975"},{"taxonomy":"product_cat","embeddable":true,"href":"https:\/\/hoogeveenplants.nl\/de\/wp-json\/wp\/v2\/product_cat?post=1312975"},{"taxonomy":"product_tag","embeddable":true,"href":"https:\/\/hoogeveenplants.nl\/de\/wp-json\/wp\/v2\/product_tag?post=1312975"}],"curies":[{"name":"wp","href":"https:\/\/api.w.org\/{rel}","templated":true}]}}