{"id":1312963,"date":"2026-04-07T03:36:28","date_gmt":"2026-04-07T02:36:28","guid":{"rendered":"https:\/\/hoogeveenplants.nl\/p\/ribes-easycrisp-lady-sun-2\/"},"modified":"2026-04-07T03:49:03","modified_gmt":"2026-04-07T02:49:03","slug":"ribes-easycrisp-lady-sun-2","status":"publish","type":"product","link":"https:\/\/hoogeveenplants.nl\/de\/p\/ribes-easycrisp-lady-sun-2\/","title":{"rendered":"Ribes Easycrisp\u00ae &#8218;Lady Sun&#8217;\u00ae"},"content":{"rendered":"<p>Leckeres gr\u00fcnes Obst aus 100% biologischem Anbau. Das bedeutet, dass beim Anbau nur pflanzliche und tierische Materialien verwendet wurden. Der Topf und das Etikett bestehen aus recyceltem Kunststoff und sind somit eine saubere L\u00f6sung f\u00fcr die Umwelt.<br \/>\nRibes Easycrisp Lady Sun&#8216; ist eine gelbe Stachelbeere oder auch Stachelbeere genannt. Der Strauch wird etwa 75 cm hoch. Der Vorteil dieses Strauchs ist, dass er im Vergleich zu anderen Stachelbeerarten weniger Stacheln an den Zweigen hat. Das erleichtert das Pfl\u00fccken der Fr\u00fcchte. Die Bl\u00e4tter sind auf der Unterseite weich behaart. Die Stachelbeere bl\u00fcht im April mit unscheinbaren gr\u00fcnlichen Bl\u00fcten, die f\u00fcr Bienen und Hummeln attraktiv sind. Die Fr\u00fcchte sind mittelgro\u00df, rund und gelb und k\u00f6nnen im Juli und August geerntet werden. Die Beeren sind herrlich saftig und haben einen s\u00fc\u00dfen Geschmack. Sie werden in B\u00fcscheln gebildet und sind sofort essbar. Der Strauch ist frostbest\u00e4ndig, so dass er den Winter sicher \u00fcberstehen wird. Im Winter verliert er seine Bl\u00e4tter, und das ist auch der richtige Zeitpunkt, um ihn zu beschneiden. Sie bevorzugt einen offenen, sonnigen und nicht zu feuchten Boden. Stachelbeeren brauchen beim Wachsen Unterst\u00fctzung. Es ist daher ratsam, die St\u00e4mme entlang eines Kletterger\u00fcsts oder Netzes zu binden.<\/p>\n","protected":false},"excerpt":{"rendered":"<p>Leckeres gr\u00fcnes Obst aus 100% biologischem Anbau. Das bedeutet, dass beim Anbau nur pflanzliche und tierische Materialien verwendet wurden. Der Topf und das Etikett bestehen aus recyceltem Kunststoff und sind somit eine saubere L\u00f6sung f\u00fcr die Umwelt. Ribes Easycrisp Lady Sun&#8216; ist eine gelbe Stachelbeere oder auch Stachelbeere genannt. Der Strauch wird etwa 75 cm [&hellip;]<\/p>\n","protected":false},"featured_media":0,"template":"","meta":{"_acf_changed":false},"product_brand":[],"product_cat":[253,213],"product_tag":[],"class_list":{"0":"post-1312963","1":"product","2":"type-product","3":"status-publish","5":"product_cat-lubera","6":"product_cat-tasty-green","7":"pa_bloemvruchtkleur-rot","8":"pa_location-halbschattig","9":"pa_location-sonnig","10":"pa_max-height-17","12":"first","13":"instock","14":"product-type-simple"},"acf":[],"_links":{"self":[{"href":"https:\/\/hoogeveenplants.nl\/de\/wp-json\/wp\/v2\/product\/1312963","targetHints":{"allow":["GET"]}}],"collection":[{"href":"https:\/\/hoogeveenplants.nl\/de\/wp-json\/wp\/v2\/product"}],"about":[{"href":"https:\/\/hoogeveenplants.nl\/de\/wp-json\/wp\/v2\/types\/product"}],"wp:attachment":[{"href":"https:\/\/hoogeveenplants.nl\/de\/wp-json\/wp\/v2\/media?parent=1312963"}],"wp:term":[{"taxonomy":"product_brand","embeddable":true,"href":"https:\/\/hoogeveenplants.nl\/de\/wp-json\/wp\/v2\/product_brand?post=1312963"},{"taxonomy":"product_cat","embeddable":true,"href":"https:\/\/hoogeveenplants.nl\/de\/wp-json\/wp\/v2\/product_cat?post=1312963"},{"taxonomy":"product_tag","embeddable":true,"href":"https:\/\/hoogeveenplants.nl\/de\/wp-json\/wp\/v2\/product_tag?post=1312963"}],"curies":[{"name":"wp","href":"https:\/\/api.w.org\/{rel}","templated":true}]}}