{"id":1312932,"date":"2026-04-07T03:36:10","date_gmt":"2026-04-07T02:36:10","guid":{"rendered":"https:\/\/hoogeveenplants.nl\/p\/vaccinium-corymbosum-northland\/"},"modified":"2026-04-07T03:48:52","modified_gmt":"2026-04-07T02:48:52","slug":"vaccinium-corymbosum-northland","status":"publish","type":"product","link":"https:\/\/hoogeveenplants.nl\/de\/p\/vaccinium-corymbosum-northland\/","title":{"rendered":"Vaccinium corymbosum &#8218;Northland&#8216;"},"content":{"rendered":"<p>Vaccinium Corymbosum Northland&#8216; ist eine im Nordosten Amerikas beheimatete Heidelbeere. Die Heidelbeere bl\u00fcht im Mai und Juni mit wei\u00dfen Bl\u00fcten, aus denen sich im August gro\u00dfe aromatische blaue Beeren entwickeln. Die Fr\u00fcchte sind fest, hellblau und haben einen guten Geschmack. Sie eignen sich auch f\u00fcr die Herstellung von Marmelade oder Gelee. Heidelbeeren sind eine sehr gesunde und schmackhafte Frucht. Die Beere enth\u00e4lt Anthocyane, eine Substanz, die der Beere ihre blaue Farbe verleiht. Dieser Stoff hat eine gute Wirkung auf das Herz und die Blutgef\u00e4\u00dfe.  Dar\u00fcber hinaus enthalten Heidelbeeren Antioxidantien, und es gibt nur wenige Lebensmittel, die mehr Antioxidantien enthalten als Heidelbeeren. Der Strauch bevorzugt einen sonnigen Standort in leicht saurem Boden. Andernfalls wird die Pflanze kaum Fr\u00fcchte tragen oder sogar absterben. Diese Pflanze ist recht widerstandsf\u00e4hig. Die Bl\u00e4tter f\u00e4rben sich im Herbst sch\u00f6n orange-rot und fallen dann ab. Sch\u00fctzen Sie die Beeren mit einem Netz vor V\u00f6geln. Schneiden Sie im Sp\u00e4twinter die alten Zweige bis auf 15 cm \u00fcber dem Boden zur\u00fcck, damit die neuen Zweige gen\u00fcgend Platz und Licht bekommen.<\/p>\n","protected":false},"excerpt":{"rendered":"<p>Vaccinium Corymbosum Northland&#8216; ist eine im Nordosten Amerikas beheimatete Heidelbeere. Die Heidelbeere bl\u00fcht im Mai und Juni mit wei\u00dfen Bl\u00fcten, aus denen sich im August gro\u00dfe aromatische blaue Beeren entwickeln. Die Fr\u00fcchte sind fest, hellblau und haben einen guten Geschmack. Sie eignen sich auch f\u00fcr die Herstellung von Marmelade oder Gelee. Heidelbeeren sind eine sehr [&hellip;]<\/p>\n","protected":false},"featured_media":0,"template":"","meta":{"_acf_changed":false},"product_brand":[],"product_cat":[212],"product_tag":[],"class_list":{"0":"post-1312932","1":"product","2":"type-product","3":"status-publish","5":"product_cat-100-fruit","6":"pa_bloemvruchtkleur-blau","7":"pa_location-halbschattig","8":"pa_location-sonnig","9":"pa_max-height-17","11":"first","12":"instock","13":"product-type-simple"},"acf":[],"_links":{"self":[{"href":"https:\/\/hoogeveenplants.nl\/de\/wp-json\/wp\/v2\/product\/1312932","targetHints":{"allow":["GET"]}}],"collection":[{"href":"https:\/\/hoogeveenplants.nl\/de\/wp-json\/wp\/v2\/product"}],"about":[{"href":"https:\/\/hoogeveenplants.nl\/de\/wp-json\/wp\/v2\/types\/product"}],"wp:attachment":[{"href":"https:\/\/hoogeveenplants.nl\/de\/wp-json\/wp\/v2\/media?parent=1312932"}],"wp:term":[{"taxonomy":"product_brand","embeddable":true,"href":"https:\/\/hoogeveenplants.nl\/de\/wp-json\/wp\/v2\/product_brand?post=1312932"},{"taxonomy":"product_cat","embeddable":true,"href":"https:\/\/hoogeveenplants.nl\/de\/wp-json\/wp\/v2\/product_cat?post=1312932"},{"taxonomy":"product_tag","embeddable":true,"href":"https:\/\/hoogeveenplants.nl\/de\/wp-json\/wp\/v2\/product_tag?post=1312932"}],"curies":[{"name":"wp","href":"https:\/\/api.w.org\/{rel}","templated":true}]}}