{"id":1312842,"date":"2026-04-07T03:34:10","date_gmt":"2026-04-07T02:34:10","guid":{"rendered":"https:\/\/hoogeveenplants.nl\/p\/rosa-crazy-in-love-vanilla\/"},"modified":"2026-04-07T03:48:28","modified_gmt":"2026-04-07T02:48:28","slug":"rosa-crazy-in-love-vanilla","status":"publish","type":"product","link":"https:\/\/hoogeveenplants.nl\/de\/p\/rosa-crazy-in-love-vanilla\/","title":{"rendered":"Rosa Crazy in love &#8218;Vanilla&#8216;"},"content":{"rendered":"<p>Rosa Crazy in Love Vanilla&#8216; ist eine beliebte cremewei\u00dfe Kletterrose mit frischgr\u00fcnen, gl\u00e4nzenden Bl\u00e4ttern. Rosen geh\u00f6ren seit Hunderten von Jahren zu den bekanntesten und am h\u00e4ufigsten gepflanzten Pflanzengruppen. Die Rose hat in verschiedenen Kulturen einen symbolischen Wert. Schon in der Antike wurden Tempel und Pal\u00e4ste mit ihnen geschm\u00fcckt. Die Rose beginnt im Juni zu bl\u00fchen und bl\u00fcht bis zum ersten Frost im Oktober oder November. Um die Bl\u00fcte zu f\u00f6rdern, ist es ratsam, alte und verwelkte Bl\u00fcten zu entfernen. Die Kletterrose mag einen sonnigen Standort und sollte f\u00fcr ein optimales Wachstum alle zwei Jahre auf etwa 30 Zentimeter \u00fcber dem Boden zur\u00fcckgeschnitten werden. Auf diese Weise verhindern Sie, dass die Rose darunter kahl wird. Die beste Zeit daf\u00fcr ist der Herbst oder das zeitige Fr\u00fchjahr. Die Rose braucht etwas Hilfe beim Klettern. Dazu k\u00f6nnen die \u00c4ste an einem Gestell, einem Pfosten oder einem Zaun entlanggef\u00fchrt werden. Rosen sind bekannt daf\u00fcr, dass sie viele N\u00e4hrstoffe ben\u00f6tigen. Um die Kletterrose gesund zu halten, raten wir Ihnen, sie j\u00e4hrlich mit Kunstd\u00fcnger speziell f\u00fcr Rosen zu versorgen.<\/p>\n","protected":false},"excerpt":{"rendered":"<p>Rosa Crazy in Love Vanilla&#8216; ist eine beliebte cremewei\u00dfe Kletterrose mit frischgr\u00fcnen, gl\u00e4nzenden Bl\u00e4ttern. Rosen geh\u00f6ren seit Hunderten von Jahren zu den bekanntesten und am h\u00e4ufigsten gepflanzten Pflanzengruppen. Die Rose hat in verschiedenen Kulturen einen symbolischen Wert. Schon in der Antike wurden Tempel und Pal\u00e4ste mit ihnen geschm\u00fcckt. Die Rose beginnt im Juni zu bl\u00fchen [&hellip;]<\/p>\n","protected":false},"featured_media":0,"template":"","meta":{"_acf_changed":false},"product_brand":[],"product_cat":[252,71],"product_tag":[],"class_list":{"0":"post-1312842","1":"product","2":"type-product","3":"status-publish","5":"product_cat-our-choice-upclimbers","6":"product_cat-upclimbers","7":"pa_bloemvruchtkleur-creme","8":"pa_location-halbschattig","9":"pa_location-sonnig","10":"pa_max-height-36","12":"first","13":"instock","14":"product-type-simple"},"acf":[],"_links":{"self":[{"href":"https:\/\/hoogeveenplants.nl\/de\/wp-json\/wp\/v2\/product\/1312842","targetHints":{"allow":["GET"]}}],"collection":[{"href":"https:\/\/hoogeveenplants.nl\/de\/wp-json\/wp\/v2\/product"}],"about":[{"href":"https:\/\/hoogeveenplants.nl\/de\/wp-json\/wp\/v2\/types\/product"}],"wp:attachment":[{"href":"https:\/\/hoogeveenplants.nl\/de\/wp-json\/wp\/v2\/media?parent=1312842"}],"wp:term":[{"taxonomy":"product_brand","embeddable":true,"href":"https:\/\/hoogeveenplants.nl\/de\/wp-json\/wp\/v2\/product_brand?post=1312842"},{"taxonomy":"product_cat","embeddable":true,"href":"https:\/\/hoogeveenplants.nl\/de\/wp-json\/wp\/v2\/product_cat?post=1312842"},{"taxonomy":"product_tag","embeddable":true,"href":"https:\/\/hoogeveenplants.nl\/de\/wp-json\/wp\/v2\/product_tag?post=1312842"}],"curies":[{"name":"wp","href":"https:\/\/api.w.org\/{rel}","templated":true}]}}