{"id":1312828,"date":"2026-04-07T03:34:04","date_gmt":"2026-04-07T02:34:04","guid":{"rendered":"https:\/\/hoogeveenplants.nl\/p\/pyracantha-coccinea-soleil-dor\/"},"modified":"2026-04-07T03:48:24","modified_gmt":"2026-04-07T02:48:24","slug":"pyracantha-coccinea-soleil-dor","status":"publish","type":"product","link":"https:\/\/hoogeveenplants.nl\/de\/p\/pyracantha-coccinea-soleil-dor\/","title":{"rendered":"Pyracantha coccinea &#8218;Soleil dOr&#8216;"},"content":{"rendered":"<p>Ein bekannter Strauch, der meist als Spalier an einer Mauer verwendet wird. Die kleinen Bl\u00e4tter sind gl\u00e4nzend, dunkelgr\u00fcn und die Zweige tragen lange Stacheln. Das macht die Pyracantha zu einem beliebten Standort f\u00fcr alle Arten von V\u00f6geln. Nach der reichen Bl\u00fcte erscheinen die auffallend roten Beeren, die auch von V\u00f6geln gefressen werden. Die Pflanze eignet sich auch als Hecke, da sie auch im Winter gr\u00fcn bleibt. Schlie\u00dflich kann Pyracantha bis zu 4 Meter hoch werden. Mit gutem Schnitt und Anleitung kann man diesen Feuerahorn in jede gew\u00fcnschte Form bringen. Auch wenn Sie keinen gr\u00fcnen Daumen haben!<\/p>\n","protected":false},"excerpt":{"rendered":"<p>Ein bekannter Strauch, der meist als Spalier an einer Mauer verwendet wird. Die kleinen Bl\u00e4tter sind gl\u00e4nzend, dunkelgr\u00fcn und die Zweige tragen lange Stacheln. Das macht die Pyracantha zu einem beliebten Standort f\u00fcr alle Arten von V\u00f6geln. Nach der reichen Bl\u00fcte erscheinen die auffallend roten Beeren, die auch von V\u00f6geln gefressen werden. Die Pflanze eignet [&hellip;]<\/p>\n","protected":false},"featured_media":0,"template":"","meta":{"_acf_changed":false},"product_brand":[],"product_cat":[71],"product_tag":[],"class_list":{"0":"post-1312828","1":"product","2":"type-product","3":"status-publish","5":"product_cat-upclimbers","6":"pa_bloemvruchtkleur-gelb","7":"pa_location-halbschattig","8":"pa_location-sonnig","9":"pa_max-height-56","11":"first","12":"instock","13":"product-type-simple"},"acf":[],"_links":{"self":[{"href":"https:\/\/hoogeveenplants.nl\/de\/wp-json\/wp\/v2\/product\/1312828","targetHints":{"allow":["GET"]}}],"collection":[{"href":"https:\/\/hoogeveenplants.nl\/de\/wp-json\/wp\/v2\/product"}],"about":[{"href":"https:\/\/hoogeveenplants.nl\/de\/wp-json\/wp\/v2\/types\/product"}],"wp:attachment":[{"href":"https:\/\/hoogeveenplants.nl\/de\/wp-json\/wp\/v2\/media?parent=1312828"}],"wp:term":[{"taxonomy":"product_brand","embeddable":true,"href":"https:\/\/hoogeveenplants.nl\/de\/wp-json\/wp\/v2\/product_brand?post=1312828"},{"taxonomy":"product_cat","embeddable":true,"href":"https:\/\/hoogeveenplants.nl\/de\/wp-json\/wp\/v2\/product_cat?post=1312828"},{"taxonomy":"product_tag","embeddable":true,"href":"https:\/\/hoogeveenplants.nl\/de\/wp-json\/wp\/v2\/product_tag?post=1312828"}],"curies":[{"name":"wp","href":"https:\/\/api.w.org\/{rel}","templated":true}]}}