{"id":1312785,"date":"2026-04-07T03:32:35","date_gmt":"2026-04-07T02:32:35","guid":{"rendered":"https:\/\/hoogeveenplants.nl\/p\/passiflora-caerulea-purple-haze\/"},"modified":"2026-04-07T03:48:14","modified_gmt":"2026-04-07T02:48:14","slug":"passiflora-caerulea-purple-haze","status":"publish","type":"product","link":"https:\/\/hoogeveenplants.nl\/de\/p\/passiflora-caerulea-purple-haze\/","title":{"rendered":"Passiflora caerulea &#8218;Purple Haze&#8216;"},"content":{"rendered":"<p>Passiflora Purple Haze&#8216; ist eine Kletterpflanze mit sch\u00f6nen lila Passionsblumen. Urspr\u00fcnglich stammt die Pflanze aus Mittel- und dem westlichen S\u00fcdamerika, aber jetzt k\u00f6nnen Sie auch in Ihrem eigenen Garten eine tropische Atmosph\u00e4re schaffen. Mit der Passionsblume k\u00f6nnen Sie von Juni bis September rechnen. Die Passionsblume ist ein echter Sch\u00f6nwetterbl\u00fcher. An warmen Tagen mit viel Licht\/Sonne werden die Knospen aufspringen. An k\u00e4lteren und dunkleren Tagen \u00f6ffnen sich nur wenige Bl\u00fcten. Sie ist ein echter Kletterer und braucht daher etwas Unterst\u00fctzung, wenn sie an einem Kletterger\u00fcst oder Zaun w\u00e4chst. Die Passionsblume ist keine schwierige Pflanze. Sie ist relativ unempfindlich gegen\u00fcber den bekannten Pflanzenkrankheiten, w\u00e4chst schnell und stellt keine gro\u00dfen Anspr\u00fcche an Boden und Ern\u00e4hrung. Die &#8218;Passiflora Purple Haze&#8216; bevorzugt jedoch einen sonnigen Standort. In der Sonne bl\u00fcht sie \u00fcppiger als an einem schattigen Standort. Scheuen Sie sich nicht, die Pflanze zur\u00fcckzuschneiden, wenn sie zu gro\u00df und zu wild w\u00e4chst. Sie ist eine kr\u00e4ftige und schnell wachsende Pflanze, die darunter kaum leidet. Es kann vorkommen, dass diese tropische Kletterpflanze nach einem strengen Winter oberhalb des Bodens abstirbt. Schneiden Sie in diesem Fall die Pflanze vollst\u00e4ndig ab. Es besteht eine gute Chance, dass sie im Fr\u00fchjahr wieder aus den Wurzeln w\u00e4chst.<\/p>\n","protected":false},"excerpt":{"rendered":"<p>Passiflora Purple Haze&#8216; ist eine Kletterpflanze mit sch\u00f6nen lila Passionsblumen. Urspr\u00fcnglich stammt die Pflanze aus Mittel- und dem westlichen S\u00fcdamerika, aber jetzt k\u00f6nnen Sie auch in Ihrem eigenen Garten eine tropische Atmosph\u00e4re schaffen. Mit der Passionsblume k\u00f6nnen Sie von Juni bis September rechnen. Die Passionsblume ist ein echter Sch\u00f6nwetterbl\u00fcher. An warmen Tagen mit viel Licht\/Sonne [&hellip;]<\/p>\n","protected":false},"featured_media":0,"template":"","meta":{"_acf_changed":false},"product_brand":[],"product_cat":[71],"product_tag":[],"class_list":{"0":"post-1312785","1":"product","2":"type-product","3":"status-publish","5":"product_cat-upclimbers","6":"pa_bloemvruchtkleur-lila","7":"pa_location-halbschattig","8":"pa_location-sonnig","9":"pa_max-height-56","11":"first","12":"instock","13":"product-type-simple"},"acf":[],"_links":{"self":[{"href":"https:\/\/hoogeveenplants.nl\/de\/wp-json\/wp\/v2\/product\/1312785","targetHints":{"allow":["GET"]}}],"collection":[{"href":"https:\/\/hoogeveenplants.nl\/de\/wp-json\/wp\/v2\/product"}],"about":[{"href":"https:\/\/hoogeveenplants.nl\/de\/wp-json\/wp\/v2\/types\/product"}],"wp:attachment":[{"href":"https:\/\/hoogeveenplants.nl\/de\/wp-json\/wp\/v2\/media?parent=1312785"}],"wp:term":[{"taxonomy":"product_brand","embeddable":true,"href":"https:\/\/hoogeveenplants.nl\/de\/wp-json\/wp\/v2\/product_brand?post=1312785"},{"taxonomy":"product_cat","embeddable":true,"href":"https:\/\/hoogeveenplants.nl\/de\/wp-json\/wp\/v2\/product_cat?post=1312785"},{"taxonomy":"product_tag","embeddable":true,"href":"https:\/\/hoogeveenplants.nl\/de\/wp-json\/wp\/v2\/product_tag?post=1312785"}],"curies":[{"name":"wp","href":"https:\/\/api.w.org\/{rel}","templated":true}]}}