{"id":1311883,"date":"2026-04-06T03:36:48","date_gmt":"2026-04-06T02:36:48","guid":{"rendered":"https:\/\/hoogeveenplants.nl\/p\/helleborus-orientalis-hello-amber\/"},"modified":"2026-04-06T03:46:40","modified_gmt":"2026-04-06T02:46:40","slug":"helleborus-orientalis-hello-amber","status":"publish","type":"product","link":"https:\/\/hoogeveenplants.nl\/de\/p\/helleborus-orientalis-hello-amber\/","title":{"rendered":"Helleborus orientalis &#8218;Hello Amber&#8217;\u00ae"},"content":{"rendered":"<p>Die Lenzrose (Helleborus orientalis Hello Amber) bringt im Winter und im zeitigen Fr\u00fchjahr Farbe in Ihren Garten oder auf Ihre Terrasse. Da die Helleborus eine der wenigen Pflanzen ist, die im Winter und im zeitigen Fr\u00fchjahr bl\u00fcht, ist sie auch f\u00fcr die ersten Bienen, die aus dem Winterschlaf erwachen, attraktiv. Die Pflanze ist sowohl im Garten als auch auf der Terrasse sehr einfach zu verwenden. Schneiden Sie die h\u00e4sslichen Bl\u00e4tter nach dem Winter zu Boden und die Pflanze treibt im Fr\u00fchjahr mit neuen Bl\u00e4ttern aus dem Boden wieder aus.<\/p>\n","protected":false},"excerpt":{"rendered":"<p>Die Lenzrose (Helleborus orientalis Hello Amber) bringt im Winter und im zeitigen Fr\u00fchjahr Farbe in Ihren Garten oder auf Ihre Terrasse. Da die Helleborus eine der wenigen Pflanzen ist, die im Winter und im zeitigen Fr\u00fchjahr bl\u00fcht, ist sie auch f\u00fcr die ersten Bienen, die aus dem Winterschlaf erwachen, attraktiv. Die Pflanze ist sowohl im [&hellip;]<\/p>\n","protected":false},"featured_media":0,"template":"","meta":{"_acf_changed":false},"product_brand":[],"product_cat":[55],"product_tag":[],"class_list":{"0":"post-1311883","1":"product","2":"type-product","3":"status-publish","5":"product_cat-hello-helleborus","6":"pa_bloemvruchtkleur-rosa","7":"pa_location-halbschattig","8":"pa_max-height-49","10":"first","11":"instock","12":"product-type-simple"},"acf":[],"_links":{"self":[{"href":"https:\/\/hoogeveenplants.nl\/de\/wp-json\/wp\/v2\/product\/1311883","targetHints":{"allow":["GET"]}}],"collection":[{"href":"https:\/\/hoogeveenplants.nl\/de\/wp-json\/wp\/v2\/product"}],"about":[{"href":"https:\/\/hoogeveenplants.nl\/de\/wp-json\/wp\/v2\/types\/product"}],"wp:attachment":[{"href":"https:\/\/hoogeveenplants.nl\/de\/wp-json\/wp\/v2\/media?parent=1311883"}],"wp:term":[{"taxonomy":"product_brand","embeddable":true,"href":"https:\/\/hoogeveenplants.nl\/de\/wp-json\/wp\/v2\/product_brand?post=1311883"},{"taxonomy":"product_cat","embeddable":true,"href":"https:\/\/hoogeveenplants.nl\/de\/wp-json\/wp\/v2\/product_cat?post=1311883"},{"taxonomy":"product_tag","embeddable":true,"href":"https:\/\/hoogeveenplants.nl\/de\/wp-json\/wp\/v2\/product_tag?post=1311883"}],"curies":[{"name":"wp","href":"https:\/\/api.w.org\/{rel}","templated":true}]}}