{"id":1310659,"date":"2026-04-05T03:40:06","date_gmt":"2026-04-05T02:40:06","guid":{"rendered":"https:\/\/hoogeveenplants.nl\/p\/helleborus-dacaya\/"},"modified":"2026-04-05T03:50:47","modified_gmt":"2026-04-05T02:50:47","slug":"helleborus-dacaya","status":"publish","type":"product","link":"https:\/\/hoogeveenplants.nl\/de\/p\/helleborus-dacaya\/","title":{"rendered":"Helleborus &#8218;Dacaya&#8217;\u00ae"},"content":{"rendered":"<p>Helleborus Dacaya bl\u00fcht reichlich von Oktober bis M\u00e4rz. Die Bl\u00fcten sind rot bis tiefrot gef\u00e4rbt. Die Bl\u00fctentrauben entwickeln sich weiter. Diese winterharte Pflanze ist robust, frei von Krankheiten und pflegeleicht.<\/p>\n","protected":false},"excerpt":{"rendered":"<p>Helleborus Dacaya bl\u00fcht reichlich von Oktober bis M\u00e4rz. Die Bl\u00fcten sind rot bis tiefrot gef\u00e4rbt. Die Bl\u00fctentrauben entwickeln sich weiter. Diese winterharte Pflanze ist robust, frei von Krankheiten und pflegeleicht.<\/p>\n","protected":false},"featured_media":0,"template":"","meta":{"_acf_changed":false},"product_brand":[],"product_cat":[55],"product_tag":[],"class_list":{"0":"post-1310659","1":"product","2":"type-product","3":"status-publish","5":"product_cat-hello-helleborus","6":"pa_bloemvruchtkleur-rosa","7":"pa_location-halbschattig","8":"pa_max-height-86","10":"first","11":"instock","12":"product-type-simple"},"acf":[],"_links":{"self":[{"href":"https:\/\/hoogeveenplants.nl\/de\/wp-json\/wp\/v2\/product\/1310659","targetHints":{"allow":["GET"]}}],"collection":[{"href":"https:\/\/hoogeveenplants.nl\/de\/wp-json\/wp\/v2\/product"}],"about":[{"href":"https:\/\/hoogeveenplants.nl\/de\/wp-json\/wp\/v2\/types\/product"}],"wp:attachment":[{"href":"https:\/\/hoogeveenplants.nl\/de\/wp-json\/wp\/v2\/media?parent=1310659"}],"wp:term":[{"taxonomy":"product_brand","embeddable":true,"href":"https:\/\/hoogeveenplants.nl\/de\/wp-json\/wp\/v2\/product_brand?post=1310659"},{"taxonomy":"product_cat","embeddable":true,"href":"https:\/\/hoogeveenplants.nl\/de\/wp-json\/wp\/v2\/product_cat?post=1310659"},{"taxonomy":"product_tag","embeddable":true,"href":"https:\/\/hoogeveenplants.nl\/de\/wp-json\/wp\/v2\/product_tag?post=1310659"}],"curies":[{"name":"wp","href":"https:\/\/api.w.org\/{rel}","templated":true}]}}