{"id":1310277,"date":"2026-04-05T03:32:18","date_gmt":"2026-04-05T02:32:18","guid":{"rendered":"https:\/\/hoogeveenplants.nl\/p\/wisteria-blue-waterfall\/"},"modified":"2026-04-05T03:48:11","modified_gmt":"2026-04-05T02:48:11","slug":"wisteria-blue-waterfall","status":"publish","type":"product","link":"https:\/\/hoogeveenplants.nl\/de\/p\/wisteria-blue-waterfall\/","title":{"rendered":"Wisteria &#8218;Blue Waterfall&#8216;"},"content":{"rendered":"<p>Die Wisteria Waterfall ist eine besondere Glyzinie, denn sie hat kompakte Bl\u00fcten und ist perfekt f\u00fcr den Balkon oder die Terrasse. Die gro\u00dfen dunkelblauen Bl\u00fctentrauben machen sie zum ultimativen Blickfang auf jeder Terrasse und vermitteln eine echte japanische Atmosph\u00e4re, aus der die Pflanze stammt.<\/p>\n","protected":false},"excerpt":{"rendered":"<p>Die Wisteria Waterfall ist eine besondere Glyzinie, denn sie hat kompakte Bl\u00fcten und ist perfekt f\u00fcr den Balkon oder die Terrasse. Die gro\u00dfen dunkelblauen Bl\u00fctentrauben machen sie zum ultimativen Blickfang auf jeder Terrasse und vermitteln eine echte japanische Atmosph\u00e4re, aus der die Pflanze stammt.<\/p>\n","protected":false},"featured_media":0,"template":"","meta":{"_acf_changed":false},"product_brand":[],"product_cat":[252,71],"product_tag":[],"class_list":{"0":"post-1310277","1":"product","2":"type-product","3":"status-publish","5":"product_cat-our-choice-upclimbers","6":"product_cat-upclimbers","7":"pa_bloemvruchtkleur-lila","8":"pa_location-halbschattig","9":"pa_location-sonnig","10":"pa_max-height-60","12":"first","13":"instock","14":"product-type-simple"},"acf":[],"_links":{"self":[{"href":"https:\/\/hoogeveenplants.nl\/de\/wp-json\/wp\/v2\/product\/1310277","targetHints":{"allow":["GET"]}}],"collection":[{"href":"https:\/\/hoogeveenplants.nl\/de\/wp-json\/wp\/v2\/product"}],"about":[{"href":"https:\/\/hoogeveenplants.nl\/de\/wp-json\/wp\/v2\/types\/product"}],"wp:attachment":[{"href":"https:\/\/hoogeveenplants.nl\/de\/wp-json\/wp\/v2\/media?parent=1310277"}],"wp:term":[{"taxonomy":"product_brand","embeddable":true,"href":"https:\/\/hoogeveenplants.nl\/de\/wp-json\/wp\/v2\/product_brand?post=1310277"},{"taxonomy":"product_cat","embeddable":true,"href":"https:\/\/hoogeveenplants.nl\/de\/wp-json\/wp\/v2\/product_cat?post=1310277"},{"taxonomy":"product_tag","embeddable":true,"href":"https:\/\/hoogeveenplants.nl\/de\/wp-json\/wp\/v2\/product_tag?post=1310277"}],"curies":[{"name":"wp","href":"https:\/\/api.w.org\/{rel}","templated":true}]}}