{"id":1310264,"date":"2026-04-05T03:32:12","date_gmt":"2026-04-05T02:32:12","guid":{"rendered":"https:\/\/hoogeveenplants.nl\/p\/pyracantha-coccinea-red-star\/"},"modified":"2026-04-05T03:48:08","modified_gmt":"2026-04-05T02:48:08","slug":"pyracantha-coccinea-red-star","status":"publish","type":"product","link":"https:\/\/hoogeveenplants.nl\/de\/p\/pyracantha-coccinea-red-star\/","title":{"rendered":"Pyracantha coccinea &#8218;Red Star&#8216;"},"content":{"rendered":"<p>Pyracantha Red Star ist ein Star unter den Feuerdornen! Dieser Feuerdorn Red Star hat weniger Stacheln als andere Pyracanthas und ist immergr\u00fcn. Red Star bl\u00fcht im Juni mit wei\u00dfen Bl\u00fcten. Die gr\u00fcnen Beeren erscheinen im August und f\u00e4rben sich im September rot. Die Beeren bleiben bis nach Weihnachten leuchtend rot und machen Red Star zu einem wunderbaren Weihnachtsaccessoire. Red Star tr\u00e4gt Bl\u00fcten und Fr\u00fcchte an 2-j\u00e4hrigem Holz. Pflanzen Sie Red Star in einen fruchtbaren, gut durchl\u00e4ssigen Boden. Sehr widerstandsf\u00e4hig bis -30 \u00baC.<\/p>\n","protected":false},"excerpt":{"rendered":"<p>Pyracantha Red Star ist ein Star unter den Feuerdornen! Dieser Feuerdorn Red Star hat weniger Stacheln als andere Pyracanthas und ist immergr\u00fcn. Red Star bl\u00fcht im Juni mit wei\u00dfen Bl\u00fcten. Die gr\u00fcnen Beeren erscheinen im August und f\u00e4rben sich im September rot. Die Beeren bleiben bis nach Weihnachten leuchtend rot und machen Red Star zu [&hellip;]<\/p>\n","protected":false},"featured_media":0,"template":"","meta":{"_acf_changed":false},"product_brand":[],"product_cat":[252,71],"product_tag":[],"class_list":{"0":"post-1310264","1":"product","2":"type-product","3":"status-publish","5":"product_cat-our-choice-upclimbers","6":"product_cat-upclimbers","7":"pa_bloemvruchtkleur-rot","8":"pa_location-halbschattig","9":"pa_location-sonnig","10":"pa_max-height-36","12":"first","13":"instock","14":"product-type-simple"},"acf":[],"_links":{"self":[{"href":"https:\/\/hoogeveenplants.nl\/de\/wp-json\/wp\/v2\/product\/1310264","targetHints":{"allow":["GET"]}}],"collection":[{"href":"https:\/\/hoogeveenplants.nl\/de\/wp-json\/wp\/v2\/product"}],"about":[{"href":"https:\/\/hoogeveenplants.nl\/de\/wp-json\/wp\/v2\/types\/product"}],"wp:attachment":[{"href":"https:\/\/hoogeveenplants.nl\/de\/wp-json\/wp\/v2\/media?parent=1310264"}],"wp:term":[{"taxonomy":"product_brand","embeddable":true,"href":"https:\/\/hoogeveenplants.nl\/de\/wp-json\/wp\/v2\/product_brand?post=1310264"},{"taxonomy":"product_cat","embeddable":true,"href":"https:\/\/hoogeveenplants.nl\/de\/wp-json\/wp\/v2\/product_cat?post=1310264"},{"taxonomy":"product_tag","embeddable":true,"href":"https:\/\/hoogeveenplants.nl\/de\/wp-json\/wp\/v2\/product_tag?post=1310264"}],"curies":[{"name":"wp","href":"https:\/\/api.w.org\/{rel}","templated":true}]}}