{"id":1309219,"date":"2026-04-04T03:34:29","date_gmt":"2026-04-04T02:34:29","guid":{"rendered":"https:\/\/hoogeveenplants.nl\/p\/musa-basjoo\/"},"modified":"2026-04-04T03:47:01","modified_gmt":"2026-04-04T02:47:01","slug":"musa-basjoo","status":"publish","type":"product","link":"https:\/\/hoogeveenplants.nl\/de\/p\/musa-basjoo\/","title":{"rendered":"Musa Basjoo"},"content":{"rendered":"<p>Musa Basjoo&#8216; ist ein Bananenbaum, auch Faserbanane genannt, aus China. Die Bananenstaude ist wegen ihrer starken Fasern beliebt, aus denen zum Beispiel B\u00fccher gebunden werden. Sie ist die widerstandsf\u00e4higste Bananenstaude, die es gibt, bis zu -10 Grad Celsius. Oberirdisch verliert sie ihre Bl\u00e4tter, die aber im Fr\u00fchjahr wieder austreiben. Die besonders dekorativen Bl\u00e4tter des Baumes verleihen Ihrem Garten ein echtes tropisches Aussehen. Die Fr\u00fcchte des Baumes sind nur zu Zierzwecken gedacht und nicht essbar. Die Pflanze kann in den Boden oder in einen gro\u00dfen Topf gepflanzt werden. Wenn die Bl\u00e4tter ihr Alter erreicht haben, sterben sie ab. Sie k\u00f6nnen diese Bl\u00e4tter mit einer Schere oder einem Messer entfernen. Es ist wichtig, die Pflanze ausreichend zu gie\u00dfen, vor allem im Sommer.<\/p>\n","protected":false},"excerpt":{"rendered":"<p>Musa Basjoo&#8216; ist ein Bananenbaum, auch Faserbanane genannt, aus China. Die Bananenstaude ist wegen ihrer starken Fasern beliebt, aus denen zum Beispiel B\u00fccher gebunden werden. Sie ist die widerstandsf\u00e4higste Bananenstaude, die es gibt, bis zu -10 Grad Celsius. Oberirdisch verliert sie ihre Bl\u00e4tter, die aber im Fr\u00fchjahr wieder austreiben. Die besonders dekorativen Bl\u00e4tter des Baumes [&hellip;]<\/p>\n","protected":false},"featured_media":0,"template":"","meta":{"_acf_changed":false},"product_brand":[],"product_cat":[212],"product_tag":[],"class_list":{"0":"post-1309219","1":"product","2":"type-product","3":"status-publish","5":"product_cat-100-fruit","6":"pa_bloemvruchtkleur-gruen","7":"pa_location-halbschattig","8":"pa_location-sonnig","9":"pa_max-height-56","11":"first","12":"instock","13":"product-type-simple"},"acf":[],"_links":{"self":[{"href":"https:\/\/hoogeveenplants.nl\/de\/wp-json\/wp\/v2\/product\/1309219","targetHints":{"allow":["GET"]}}],"collection":[{"href":"https:\/\/hoogeveenplants.nl\/de\/wp-json\/wp\/v2\/product"}],"about":[{"href":"https:\/\/hoogeveenplants.nl\/de\/wp-json\/wp\/v2\/types\/product"}],"wp:attachment":[{"href":"https:\/\/hoogeveenplants.nl\/de\/wp-json\/wp\/v2\/media?parent=1309219"}],"wp:term":[{"taxonomy":"product_brand","embeddable":true,"href":"https:\/\/hoogeveenplants.nl\/de\/wp-json\/wp\/v2\/product_brand?post=1309219"},{"taxonomy":"product_cat","embeddable":true,"href":"https:\/\/hoogeveenplants.nl\/de\/wp-json\/wp\/v2\/product_cat?post=1309219"},{"taxonomy":"product_tag","embeddable":true,"href":"https:\/\/hoogeveenplants.nl\/de\/wp-json\/wp\/v2\/product_tag?post=1309219"}],"curies":[{"name":"wp","href":"https:\/\/api.w.org\/{rel}","templated":true}]}}