{"id":1309167,"date":"2026-04-04T03:33:00","date_gmt":"2026-04-04T02:33:00","guid":{"rendered":"https:\/\/hoogeveenplants.nl\/p\/vaccinium-corymbosum-reka\/"},"modified":"2026-04-04T03:46:46","modified_gmt":"2026-04-04T02:46:46","slug":"vaccinium-corymbosum-reka-2","status":"publish","type":"product","link":"https:\/\/hoogeveenplants.nl\/de\/p\/vaccinium-corymbosum-reka-2\/","title":{"rendered":"Vaccinium corymbosum &#8218;Reka&#8216;"},"content":{"rendered":"<p>Leckeres gr\u00fcnes Obst aus 100% biologischem Anbau. Das bedeutet, dass beim Anbau nur pflanzliche und tierische Materialien verwendet wurden. Der Topf und das Etikett bestehen aus recyceltem Kunststoff und sind somit eine saubere L\u00f6sung f\u00fcr die Umwelt.<br \/>\nVaccinium corymbosum Reka&#8216; ist auch als Heidelbeere bekannt. Sie ist eine bekannte Sorte, die viele, gro\u00dfe und s\u00fc\u00dfe Fr\u00fcchte hervorbringt. Sie w\u00e4chst auf allen B\u00f6den gut. Der Strauch hat d\u00fcnne Zweige und kleine, frischgr\u00fcne Bl\u00e4tter. Die Fr\u00fcchte sind fest, hellblau und haben einen guten Geschmack. Sie k\u00f6nnen von Mitte Juli bis Mitte August gepfl\u00fcckt werden. Frische Blaubeeren sind eine Woche lang haltbar, und man kann sie auch einfrieren. Die Heidelbeere bl\u00fcht in B\u00fcscheln, und die Bl\u00fcte ist cremewei\u00df bis rosa gef\u00e4rbt. Die Bl\u00fcte erfolgt in der ersten Maih\u00e4lfte. Diese Pflanze ist selbstbest\u00e4ubend und ben\u00f6tigt fast keine Pflege. Die Bl\u00e4tter haben eine sch\u00f6ne orange-rote Herbstf\u00e4rbung und fallen dann ab. Blaubeeren haben medizinische Eigenschaften. Die Beere enth\u00e4lt Anthocyane, eine Substanz, die der Beere ihre blaue Farbe verleiht. Dieser Stoff hat eine gute Wirkung auf das Herz und die Blutgef\u00e4\u00dfe. Die F\u00e4rbung kann unter anderem daf\u00fcr sorgen, dass Fettansammlungen in den Blutgef\u00e4\u00dfen reduziert werden, was die Durchblutung verbessert. Dar\u00fcber hinaus enthalten Heidelbeeren Antioxidantien.<\/p>\n","protected":false},"excerpt":{"rendered":"<p>Leckeres gr\u00fcnes Obst aus 100% biologischem Anbau. Das bedeutet, dass beim Anbau nur pflanzliche und tierische Materialien verwendet wurden. Der Topf und das Etikett bestehen aus recyceltem Kunststoff und sind somit eine saubere L\u00f6sung f\u00fcr die Umwelt. Vaccinium corymbosum Reka&#8216; ist auch als Heidelbeere bekannt. Sie ist eine bekannte Sorte, die viele, gro\u00dfe und s\u00fc\u00dfe [&hellip;]<\/p>\n","protected":false},"featured_media":0,"template":"","meta":{"_acf_changed":false},"product_brand":[],"product_cat":[213],"product_tag":[],"class_list":{"0":"post-1309167","1":"product","2":"type-product","3":"status-publish","5":"product_cat-tasty-green","6":"pa_bloemvruchtkleur-blau","7":"pa_location-halbschattig","8":"pa_location-sonnig","9":"pa_max-height-33","11":"first","12":"instock","13":"product-type-simple"},"acf":[],"_links":{"self":[{"href":"https:\/\/hoogeveenplants.nl\/de\/wp-json\/wp\/v2\/product\/1309167","targetHints":{"allow":["GET"]}}],"collection":[{"href":"https:\/\/hoogeveenplants.nl\/de\/wp-json\/wp\/v2\/product"}],"about":[{"href":"https:\/\/hoogeveenplants.nl\/de\/wp-json\/wp\/v2\/types\/product"}],"wp:attachment":[{"href":"https:\/\/hoogeveenplants.nl\/de\/wp-json\/wp\/v2\/media?parent=1309167"}],"wp:term":[{"taxonomy":"product_brand","embeddable":true,"href":"https:\/\/hoogeveenplants.nl\/de\/wp-json\/wp\/v2\/product_brand?post=1309167"},{"taxonomy":"product_cat","embeddable":true,"href":"https:\/\/hoogeveenplants.nl\/de\/wp-json\/wp\/v2\/product_cat?post=1309167"},{"taxonomy":"product_tag","embeddable":true,"href":"https:\/\/hoogeveenplants.nl\/de\/wp-json\/wp\/v2\/product_tag?post=1309167"}],"curies":[{"name":"wp","href":"https:\/\/api.w.org\/{rel}","templated":true}]}}