{"id":1309144,"date":"2026-04-04T03:32:41","date_gmt":"2026-04-04T02:32:41","guid":{"rendered":"https:\/\/hoogeveenplants.nl\/p\/vitis-vinifera-johanniter\/"},"modified":"2026-04-04T03:46:40","modified_gmt":"2026-04-04T02:46:40","slug":"vitis-vinifera-johanniter","status":"publish","type":"product","link":"https:\/\/hoogeveenplants.nl\/de\/p\/vitis-vinifera-johanniter\/","title":{"rendered":"Vitis vinifera &#8218;Johanniter&#8216;"},"content":{"rendered":"<p>Leckeres gr\u00fcnes Obst aus 100% biologischem Anbau. Das bedeutet, dass beim Anbau nur pflanzliche und tierische Materialien verwendet wurden. Der Topf und das Etikett bestehen aus recyceltem Kunststoff und sind somit eine saubere L\u00f6sung f\u00fcr die Umwelt.<br \/>\nVitis Johanniter&#8220; ist eine wei\u00dfe Traube, die weniger anf\u00e4llig f\u00fcr Pilzkrankheiten ist. Er ist eine Kreuzung des Rieslings mit resistenten Rebsorten. Aus dieser Traube kann man einen Riesling-\u00e4hnlichen Wein machen, voller Frucht und Muskateller. Sie ist eine Kletterpflanze, die mehrere Meter hoch werden kann. Man kann ihn in alle m\u00f6glichen Formen bringen und ihn durch guten Schnitt sehr kompakt halten. Sie k\u00f6nnen die Traube einfach entlang einer Pergola oder an einer Wand mit Spanndr\u00e4hten f\u00fchren. Die Traube bildet im Juli-August zun\u00e4chst unscheinbare Bl\u00fctentrauben aus, aus denen sich dann die wei\u00dfen Trauben bilden. Die Fr\u00fcchte haben eine wei\u00df-gr\u00fcne Farbe, sind saftig und haben einen s\u00fc\u00dfen Geschmack. Man kann sie direkt essen oder zu Marmelade, Saft oder Wein verarbeiten. Die Traubenpflanze braucht viel Sonne, um zu reifen, und liebt die W\u00e4rme, so dass ein nach S\u00fcden ausgerichteter Standort ideal ist. Die Trauben k\u00f6nnen ab Mitte September geerntet werden. Der Boden sollte gut durchl\u00e4ssig und n\u00e4hrstoffreich sein und m\u00f6glichst nicht zu sauer, sondern eher kalkhaltig. Durch das Beschneiden wird der Fruchtertrag erh\u00f6ht und die Pflanze sieht auch gepflegter aus. Am besten ist es, die Pflanze zwischen November und Februar zu beschneiden, aber nicht bei strengem Frost. \u00dcberfl\u00fcssige Seiten- und Haupt\u00e4ste beschneiden. Diese Rebsorte ist winterhart und vertr\u00e4gt problemlos Temperaturen bis zu -20 Grad.<\/p>\n","protected":false},"excerpt":{"rendered":"<p>Leckeres gr\u00fcnes Obst aus 100% biologischem Anbau. Das bedeutet, dass beim Anbau nur pflanzliche und tierische Materialien verwendet wurden. Der Topf und das Etikett bestehen aus recyceltem Kunststoff und sind somit eine saubere L\u00f6sung f\u00fcr die Umwelt. Vitis Johanniter&#8220; ist eine wei\u00dfe Traube, die weniger anf\u00e4llig f\u00fcr Pilzkrankheiten ist. Er ist eine Kreuzung des Rieslings [&hellip;]<\/p>\n","protected":false},"featured_media":0,"template":"","meta":{"_acf_changed":false},"product_brand":[],"product_cat":[213],"product_tag":[],"class_list":{"0":"post-1309144","1":"product","2":"type-product","3":"status-publish","5":"product_cat-tasty-green","6":"pa_bloemvruchtkleur-gruen","7":"pa_location-halbschattig","8":"pa_location-sonnig","9":"pa_max-height-56","11":"first","12":"instock","13":"product-type-simple"},"acf":[],"_links":{"self":[{"href":"https:\/\/hoogeveenplants.nl\/de\/wp-json\/wp\/v2\/product\/1309144","targetHints":{"allow":["GET"]}}],"collection":[{"href":"https:\/\/hoogeveenplants.nl\/de\/wp-json\/wp\/v2\/product"}],"about":[{"href":"https:\/\/hoogeveenplants.nl\/de\/wp-json\/wp\/v2\/types\/product"}],"wp:attachment":[{"href":"https:\/\/hoogeveenplants.nl\/de\/wp-json\/wp\/v2\/media?parent=1309144"}],"wp:term":[{"taxonomy":"product_brand","embeddable":true,"href":"https:\/\/hoogeveenplants.nl\/de\/wp-json\/wp\/v2\/product_brand?post=1309144"},{"taxonomy":"product_cat","embeddable":true,"href":"https:\/\/hoogeveenplants.nl\/de\/wp-json\/wp\/v2\/product_cat?post=1309144"},{"taxonomy":"product_tag","embeddable":true,"href":"https:\/\/hoogeveenplants.nl\/de\/wp-json\/wp\/v2\/product_tag?post=1309144"}],"curies":[{"name":"wp","href":"https:\/\/api.w.org\/{rel}","templated":true}]}}