{"id":1309110,"date":"2026-04-04T03:32:18","date_gmt":"2026-04-04T02:32:18","guid":{"rendered":"https:\/\/hoogeveenplants.nl\/p\/clematis-rouge-cardinal\/"},"modified":"2026-04-04T03:46:31","modified_gmt":"2026-04-04T02:46:31","slug":"clematis-rouge-cardinal","status":"publish","type":"product","link":"https:\/\/hoogeveenplants.nl\/de\/p\/clematis-rouge-cardinal\/","title":{"rendered":"Clematis Rouge Cardinal"},"content":{"rendered":"<p>Clematis Rouge Cardinal&#8216; ist eine gro\u00dfbl\u00fctige Clematis mit dunkelroten bis tief purpurroten Bl\u00fcten. Diese Bl\u00fcten erscheinen etwa im Mai-Juni. Die Pflanze selbst kann bis zu 3,5 m hoch werden und hat ziemlich hellgr\u00fcne Bl\u00e4tter. Die Clematis ist winterhart, aber sommergr\u00fcn. Es ist nicht notwendig, diese Pflanze zu beschneiden, aber Sie k\u00f6nnen dies tun, wenn sie zum Beispiel zu gro\u00df wird. Da diese gro\u00dfbl\u00fctige Clematis recht fr\u00fch bl\u00fcht, ist es ratsam, sie erst nach der Bl\u00fcte zu schneiden. Damit die Clematis besser klettern kann, braucht sie ein wenig Hilfe. Am besten ist es, die Pflanze an einem Gestell, Draht oder Stock nach oben zu f\u00fchren. Die Clematis gedeiht sowohl im Halbschatten als auch in der Sonne. Dadurch eignet sich die Clematis f\u00fcr die meisten Pl\u00e4tze in Ihrem Garten, sehr praktisch! Bei mehr Sonne bl\u00fcht die Clematis jedoch \u00fcppiger. Die Wurzeln der Clematis brauchen einen schattigen und k\u00fchlen Standort. Sorgen Sie daf\u00fcr, dass immer etwas vor dem Fu\u00df der Pflanze w\u00e4chst und pflanzen Sie die Clematis tiefer in den Boden. Dadurch wird sie vor der l\u00e4stigen Welkekrankheit gesch\u00fctzt, die die oberirdischen St\u00e4ngel befallen kann, und die Pflanze bleibt unter der Erde gesund. Wenn dies geschieht, kann er immer wieder gesund austreiben.<\/p>\n","protected":false},"excerpt":{"rendered":"<p>Clematis Rouge Cardinal&#8216; ist eine gro\u00dfbl\u00fctige Clematis mit dunkelroten bis tief purpurroten Bl\u00fcten. Diese Bl\u00fcten erscheinen etwa im Mai-Juni. Die Pflanze selbst kann bis zu 3,5 m hoch werden und hat ziemlich hellgr\u00fcne Bl\u00e4tter. Die Clematis ist winterhart, aber sommergr\u00fcn. Es ist nicht notwendig, diese Pflanze zu beschneiden, aber Sie k\u00f6nnen dies tun, wenn sie [&hellip;]<\/p>\n","protected":false},"featured_media":0,"template":"","meta":{"_acf_changed":false},"product_brand":[],"product_cat":[71],"product_tag":[],"class_list":{"0":"post-1309110","1":"product","2":"type-product","3":"status-publish","5":"product_cat-upclimbers","6":"pa_bloemvruchtkleur-rot","7":"pa_location-halbschattig","8":"pa_location-sonnig","9":"pa_max-height-36","11":"first","12":"instock","13":"product-type-simple"},"acf":[],"_links":{"self":[{"href":"https:\/\/hoogeveenplants.nl\/de\/wp-json\/wp\/v2\/product\/1309110","targetHints":{"allow":["GET"]}}],"collection":[{"href":"https:\/\/hoogeveenplants.nl\/de\/wp-json\/wp\/v2\/product"}],"about":[{"href":"https:\/\/hoogeveenplants.nl\/de\/wp-json\/wp\/v2\/types\/product"}],"wp:attachment":[{"href":"https:\/\/hoogeveenplants.nl\/de\/wp-json\/wp\/v2\/media?parent=1309110"}],"wp:term":[{"taxonomy":"product_brand","embeddable":true,"href":"https:\/\/hoogeveenplants.nl\/de\/wp-json\/wp\/v2\/product_brand?post=1309110"},{"taxonomy":"product_cat","embeddable":true,"href":"https:\/\/hoogeveenplants.nl\/de\/wp-json\/wp\/v2\/product_cat?post=1309110"},{"taxonomy":"product_tag","embeddable":true,"href":"https:\/\/hoogeveenplants.nl\/de\/wp-json\/wp\/v2\/product_tag?post=1309110"}],"curies":[{"name":"wp","href":"https:\/\/api.w.org\/{rel}","templated":true}]}}