{"id":26909,"date":"2022-02-28T14:14:37","date_gmt":"2022-02-28T13:14:37","guid":{"rendered":"https:\/\/hoogeveenplants.nl\/unsere-kunden\/"},"modified":"2022-03-29T14:22:37","modified_gmt":"2022-03-29T13:22:37","slug":"unsere-kunden","status":"publish","type":"page","link":"https:\/\/hoogeveenplants.nl\/de\/unsere-kunden\/","title":{"rendered":"Unsere Kunden"},"content":{"rendered":"<p>Wir sind das Kundenteam von Hoogeveen Plants und bieten ein breites und tiefes Sortiment an Gartenpflanzen.<br \/>\nDiese ist in 5 Produktgruppen unterteilt: Upclimbers Kletterpflanzen, Tasty Green Bio-Obst, Elegrass Bambus, Gr\u00e4ser, sowie Farne, Hello Helleborus und Hello Agapanthus.<br \/>\nGemeinsam mit unseren Kunden wollen wir diese Produktgruppen vermarkten und die Welt gemeinsam gr\u00fcner gestalten.<br \/>\nUnsere Kunden lassen sich in verschiedene Segmente einteilen. Gartencenter, Baum\u00e4rkte, Superm\u00e4rkte und E-Tail.<br \/>\nGemeinsam mit unseren Gro\u00dfhandelspartnern liefern wir unsere gr\u00fcnen Gartenpflanzen t\u00e4glich in ganz Europa.<\/p>\n","protected":false},"excerpt":{"rendered":"<p>Wir sind das Kundenteam von Hoogeveen Plants und bieten ein breites und tiefes Sortiment an Gartenpflanzen. Diese ist in 5 Produktgruppen unterteilt: Upclimbers Kletterpflanzen, Tasty Green Bio-Obst, Elegrass Bambus, Gr\u00e4ser, sowie Farne, Hello Helleborus und Hello Agapanthus. Gemeinsam mit unseren Kunden wollen wir diese Produktgruppen vermarkten und die Welt gemeinsam gr\u00fcner gestalten. Unsere Kunden lassen [&hellip;]<\/p>\n","protected":false},"author":1,"featured_media":0,"parent":0,"menu_order":38,"comment_status":"closed","ping_status":"closed","template":"page-templates\/page-klanten.php","meta":{"_acf_changed":false,"footnotes":""},"class_list":["post-26909","page","type-page","status-publish","hentry"],"acf":[],"_links":{"self":[{"href":"https:\/\/hoogeveenplants.nl\/de\/wp-json\/wp\/v2\/pages\/26909","targetHints":{"allow":["GET"]}}],"collection":[{"href":"https:\/\/hoogeveenplants.nl\/de\/wp-json\/wp\/v2\/pages"}],"about":[{"href":"https:\/\/hoogeveenplants.nl\/de\/wp-json\/wp\/v2\/types\/page"}],"author":[{"embeddable":true,"href":"https:\/\/hoogeveenplants.nl\/de\/wp-json\/wp\/v2\/users\/1"}],"replies":[{"embeddable":true,"href":"https:\/\/hoogeveenplants.nl\/de\/wp-json\/wp\/v2\/comments?post=26909"}],"version-history":[{"count":2,"href":"https:\/\/hoogeveenplants.nl\/de\/wp-json\/wp\/v2\/pages\/26909\/revisions"}],"predecessor-version":[{"id":64844,"href":"https:\/\/hoogeveenplants.nl\/de\/wp-json\/wp\/v2\/pages\/26909\/revisions\/64844"}],"wp:attachment":[{"href":"https:\/\/hoogeveenplants.nl\/de\/wp-json\/wp\/v2\/media?parent=26909"}],"curies":[{"name":"wp","href":"https:\/\/api.w.org\/{rel}","templated":true}]}}